{"id":9,"date":"2022-10-09T10:53:23","date_gmt":"2022-10-09T08:53:23","guid":{"rendered":"https:\/\/paraodloty.pl\/?page_id=9"},"modified":"2023-07-12T08:08:25","modified_gmt":"2023-07-12T06:08:25","slug":"informacje-lot-paralotnia","status":"publish","type":"page","link":"https:\/\/paraodloty.pl\/?page_id=9","title":{"rendered":"O nas"},"content":{"rendered":"\n<div class=\"wp-block-cover alignfull\" style=\"min-height:600px;aspect-ratio:unset;\"><span aria-hidden=\"true\" class=\"wp-block-cover__background has-nv-light-bg-background-color has-background-dim-100 has-background-dim\"><\/span><div class=\"wp-block-cover__inner-container is-layout-flow wp-block-cover-is-layout-flow\">\n<div class=\"wp-block-group\"><div class=\"wp-block-group__inner-container is-layout-flow wp-block-group-is-layout-flow\">\n<h3 class=\"wp-block-heading has-text-align-center\"><mark style=\"background-color:rgba(0, 0, 0, 0)\" class=\"has-inline-color has-neve-text-color-color\"><strong><em>Par\u0119 informacji o nas.<\/em><\/strong><\/mark><\/h3>\n\n\n\n<div class=\"wp-block-columns are-vertically-aligned-center is-layout-flex wp-container-core-columns-is-layout-9d6595d7 wp-block-columns-is-layout-flex\">\n<div class=\"wp-block-column is-vertically-aligned-center is-layout-flow wp-block-column-is-layout-flow\" style=\"flex-basis:50%\">\n<figure class=\"wp-block-image size-large\"><img fetchpriority=\"high\" decoding=\"async\" width=\"1024\" height=\"768\" src=\"https:\/\/paraodloty.pl\/wp-content\/uploads\/2022\/10\/FB_IMG_1574927534010-1024x768.jpg\" alt=\"Lot paralotni\u0105 Tr\u00f3jmiasto , loty paralotni\u0105 Tr\u00f3jmiasto, lotparalotni\u0105Tr\u00f3jmiasto, lotyparalotni\u0105Tr\u00f3jmiasto, paraodloty, paralotnie, paralotnia, Bartosz Kowalski paralotnie\" class=\"wp-image-234\" srcset=\"https:\/\/paraodloty.pl\/wp-content\/uploads\/2022\/10\/FB_IMG_1574927534010-1024x768.jpg 1024w, https:\/\/paraodloty.pl\/wp-content\/uploads\/2022\/10\/FB_IMG_1574927534010-300x225.jpg 300w, https:\/\/paraodloty.pl\/wp-content\/uploads\/2022\/10\/FB_IMG_1574927534010-768x576.jpg 768w, https:\/\/paraodloty.pl\/wp-content\/uploads\/2022\/10\/FB_IMG_1574927534010.jpg 1080w\" sizes=\"(max-width: 1024px) 100vw, 1024px\" \/><\/figure>\n<\/div>\n\n\n\n<div class=\"wp-block-column is-vertically-aligned-center is-layout-flow wp-block-column-is-layout-flow\" style=\"flex-basis:50%\">\n<h2 class=\"wp-block-heading has-text-align-center has-neve-text-color-color has-text-color\">Pasja<\/h2>\n\n\n\n<p class=\"has-text-align-center has-neve-text-color-color has-text-color has-medium-font-size\">Paralotniarstwo to nasza PASJA. Kto raz spr\u00f3buje i po\u0142knie bakcyla latania ten reszt\u0119 \u017cycia sp\u0119dzi na byciu, lub czekaniu, na pobyt w niebie. <\/p>\n\n\n\n<p class=\"has-text-align-center has-neve-text-color-color has-text-color\">Paralotniarze to bardzo cz\u0119sto ciekawi ludzie. Jak to si\u0119 m\u00f3wi w naszym \u015brodowisku, nikt normalny nie lata na kawa\u0142ku szmaty. \ud83d\ude42 Jednak wbrew pozorom, s\u0105 to cz\u0119sto ludzie bardzo pouk\u0142adani i odpowiedzialni bo tego w\u0142a\u015bnie wymaga paralotniarstwo.<\/p>\n\n\n\n<p><\/p>\n\n\n\n<p><\/p>\n\n\n<div class=\"wp-block-image is-style-default wp-duotone-unset-1\">\n<figure class=\"alignright size-large is-resized\" id=\"Lot-paralotni\u0105,-Lot-paralotni\u0105-Tr\u00f3jmiasto-,-loty-paralotni\u0105-Tr\u00f3jmiasto,-lotparalotni\u0105Tr\u00f3jmiasto,-lotyparalotni\u0105Tr\u00f3jmiasto,-paraodloty,-paralotnie,-paralotnia,-Bartosz-Kowalski-paralotnie\"><img decoding=\"async\" src=\"https:\/\/paraodloty.pl\/wp-content\/uploads\/2022\/11\/315519931_1094651261190421_264860297718711470_n-1024x444.png\" alt=\"Lot paralotni\u0105, Lot paralotni\u0105 Tr\u00f3jmiasto , loty paralotni\u0105 Tr\u00f3jmiasto, lotparalotni\u0105Tr\u00f3jmiasto, lotyparalotni\u0105Tr\u00f3jmiasto, paraodloty, paralotnie, paralotnia, Bartosz Kowalski paralotnie\" class=\"wp-image-456\" width=\"157\" height=\"68\" title=\"Lot paralotni\u0105, Lot paralotni\u0105 Tr\u00f3jmiasto , loty paralotni\u0105 Tr\u00f3jmiasto, lotparalotni\u0105Tr\u00f3jmiasto, lotyparalotni\u0105Tr\u00f3jmiasto, paraodloty, paralotnie, paralotnia, Bartosz Kowalski paralotnie\" srcset=\"https:\/\/paraodloty.pl\/wp-content\/uploads\/2022\/11\/315519931_1094651261190421_264860297718711470_n-1024x444.png 1024w, https:\/\/paraodloty.pl\/wp-content\/uploads\/2022\/11\/315519931_1094651261190421_264860297718711470_n-300x130.png 300w, https:\/\/paraodloty.pl\/wp-content\/uploads\/2022\/11\/315519931_1094651261190421_264860297718711470_n-768x333.png 768w, https:\/\/paraodloty.pl\/wp-content\/uploads\/2022\/11\/315519931_1094651261190421_264860297718711470_n-1536x666.png 1536w, https:\/\/paraodloty.pl\/wp-content\/uploads\/2022\/11\/315519931_1094651261190421_264860297718711470_n-2048x888.png 2048w\" sizes=\"(max-width: 157px) 100vw, 157px\" \/><\/figure>\n<\/div><\/div>\n<\/div>\n\n\n\n<div style=\"height:40px\" aria-hidden=\"true\" class=\"wp-block-spacer\"><\/div>\n<\/div><\/div>\n<\/div><\/div>\n\n\n\n<div class=\"wp-block-cover alignfull\" style=\"min-height:600px;aspect-ratio:unset;\"><span aria-hidden=\"true\" class=\"wp-block-cover__background has-nv-dark-bg-background-color has-background-dim-100 has-background-dim\"><\/span><div class=\"wp-block-cover__inner-container is-layout-flow wp-block-cover-is-layout-flow\">\n<div class=\"wp-block-group\"><div class=\"wp-block-group__inner-container is-layout-flow wp-block-group-is-layout-flow\">\n<div style=\"height:80px\" aria-hidden=\"true\" class=\"wp-block-spacer\"><\/div>\n\n\n\n<div class=\"wp-block-columns are-vertically-aligned-center is-layout-flex wp-container-core-columns-is-layout-9d6595d7 wp-block-columns-is-layout-flex\">\n<div class=\"wp-block-column is-vertically-aligned-center is-layout-flow wp-block-column-is-layout-flow\" style=\"flex-basis:50%\">\n<h2 class=\"wp-block-heading has-nv-text-dark-bg-color has-text-color\">Po co traci\u0107 \u017cycie na chodzenie skoro mo\u017cna lata\u0107? \ud83d\ude42<\/h2>\n\n\n\n<p class=\"has-nv-text-dark-bg-color has-text-color\">Je\u015bli teraz zastanawiasz si\u0119, czy to jest dla Ciebie, to bardzo mo\u017cliwe, \u017ce po\u0142kniesz bakcyla. Nie wahaj si\u0119, zadzwo\u0144 do nas i um\u00f3w si\u0119 na sw\u00f3j pierwszy lot.<\/p>\n\n\n\n<div style=\"height:20px\" aria-hidden=\"true\" class=\"wp-block-spacer\"><\/div>\n\n\n\n<div class=\"wp-block-buttons is-layout-flex wp-block-buttons-is-layout-flex\">\n<div class=\"wp-block-button aligncenter is-style-primary\"><a class=\"wp-block-button__link wp-element-button\" href=\"https:\/\/paraodloty.pl\/?page_id=10\">Kontakt<\/a><\/div>\n<\/div>\n\n\n\n<div style=\"height:20px\" aria-hidden=\"true\" class=\"wp-block-spacer\"><\/div>\n<\/div>\n\n\n\n<div class=\"wp-block-column is-vertically-aligned-center is-layout-flow wp-block-column-is-layout-flow\" style=\"flex-basis:50%\">\n<figure class=\"wp-block-image size-large\"><img decoding=\"async\" width=\"1024\" height=\"1001\" src=\"https:\/\/paraodloty.pl\/wp-content\/uploads\/2022\/10\/20210129_231119-1024x1001.jpg\" alt=\"Lot paralotni\u0105 Tr\u00f3jmiasto , loty paralotni\u0105 Tr\u00f3jmiasto, lotparalotni\u0105Tr\u00f3jmiasto, lotyparalotni\u0105Tr\u00f3jmiasto, paraodloty, paralotnie, paralotnia, Bartosz Kowalski paralotnie\" class=\"wp-image-88\" srcset=\"https:\/\/paraodloty.pl\/wp-content\/uploads\/2022\/10\/20210129_231119-1024x1001.jpg 1024w, https:\/\/paraodloty.pl\/wp-content\/uploads\/2022\/10\/20210129_231119-300x293.jpg 300w, https:\/\/paraodloty.pl\/wp-content\/uploads\/2022\/10\/20210129_231119-768x751.jpg 768w, https:\/\/paraodloty.pl\/wp-content\/uploads\/2022\/10\/20210129_231119.jpg 1078w\" sizes=\"(max-width: 1024px) 100vw, 1024px\" \/><\/figure>\n<\/div>\n<\/div>\n\n\n\n<div style=\"height:40px\" aria-hidden=\"true\" class=\"wp-block-spacer\"><\/div>\n<\/div><\/div>\n\n\n<div class=\"wp-block-image is-style-default wp-duotone-unset-2\">\n<figure class=\"alignright size-large is-resized\" id=\"Lot-paralotni\u0105,-Lot-paralotni\u0105-Tr\u00f3jmiasto-,-loty-paralotni\u0105-Tr\u00f3jmiasto,-lotparalotni\u0105Tr\u00f3jmiasto,-lotyparalotni\u0105Tr\u00f3jmiasto,-paraodloty,-paralotnie,-paralotnia,-Bartosz-Kowalski-paralotnie\"><img loading=\"lazy\" decoding=\"async\" src=\"https:\/\/paraodloty.pl\/wp-content\/uploads\/2022\/11\/315515767_459730996066230_6692532733545521801_n-1024x444.png\" alt=\"\" class=\"wp-image-457\" width=\"161\" height=\"70\" title=\"Lot paralotni\u0105, Lot paralotni\u0105 Tr\u00f3jmiasto , loty paralotni\u0105 Tr\u00f3jmiasto, lotparalotni\u0105Tr\u00f3jmiasto, lotyparalotni\u0105Tr\u00f3jmiasto, paraodloty, paralotnie, paralotnia, Bartosz Kowalski paralotnie\" srcset=\"https:\/\/paraodloty.pl\/wp-content\/uploads\/2022\/11\/315515767_459730996066230_6692532733545521801_n-1024x444.png 1024w, https:\/\/paraodloty.pl\/wp-content\/uploads\/2022\/11\/315515767_459730996066230_6692532733545521801_n-300x130.png 300w, https:\/\/paraodloty.pl\/wp-content\/uploads\/2022\/11\/315515767_459730996066230_6692532733545521801_n-768x333.png 768w, https:\/\/paraodloty.pl\/wp-content\/uploads\/2022\/11\/315515767_459730996066230_6692532733545521801_n-1536x666.png 1536w, https:\/\/paraodloty.pl\/wp-content\/uploads\/2022\/11\/315515767_459730996066230_6692532733545521801_n-2048x888.png 2048w\" sizes=\"(max-width: 161px) 100vw, 161px\" \/><\/figure>\n<\/div><\/div><\/div>\n","protected":false},"excerpt":{"rendered":"","protected":false},"author":1,"featured_media":0,"parent":0,"menu_order":0,"comment_status":"closed","ping_status":"closed","template":"","meta":{"neve_meta_sidebar":"","neve_meta_container":"","neve_meta_enable_content_width":"on","neve_meta_content_width":100,"neve_meta_title_alignment":"","neve_meta_author_avatar":"","neve_post_elements_order":"","neve_meta_disable_header":"","neve_meta_disable_footer":"","neve_meta_disable_title":"on","footnotes":""},"class_list":["post-9","page","type-page","status-publish","hentry"],"yoast_head":"<!-- This site is optimized with the Yoast SEO plugin v27.4 - https:\/\/yoast.com\/product\/yoast-seo-wordpress\/ -->\n<title>O nas - Paraodloty<\/title>\n<meta name=\"description\" content=\"Lot paralotni\u0105 Tr\u00f3jmiasto , loty paralotni\u0105 Tr\u00f3jmiasto, lotparalotni\u0105Tr\u00f3jmiasto, lotyparalotni\u0105Tr\u00f3jmiasto, paraodloty, paralotnie, paralotnia, Bartosz Kowalski paralotnie\" \/>\n<meta name=\"robots\" content=\"index, follow, max-snippet:-1, max-image-preview:large, max-video-preview:-1\" \/>\n<link rel=\"canonical\" href=\"https:\/\/paraodloty.pl\/?page_id=9\" \/>\n<meta property=\"og:locale\" content=\"pl_PL\" \/>\n<meta property=\"og:type\" content=\"article\" \/>\n<meta property=\"og:title\" content=\"O nas - Paraodloty\" \/>\n<meta property=\"og:description\" content=\"Lot paralotni\u0105 Tr\u00f3jmiasto , loty paralotni\u0105 Tr\u00f3jmiasto, lotparalotni\u0105Tr\u00f3jmiasto, lotyparalotni\u0105Tr\u00f3jmiasto, paraodloty, paralotnie, paralotnia, Bartosz Kowalski paralotnie\" \/>\n<meta property=\"og:url\" content=\"https:\/\/paraodloty.pl\/?page_id=9\" \/>\n<meta property=\"og:site_name\" content=\"Paraodloty\" \/>\n<meta property=\"article:publisher\" content=\"https:\/\/www.facebook.com\/ParaOdloty\" \/>\n<meta property=\"article:modified_time\" content=\"2023-07-12T06:08:25+00:00\" \/>\n<meta property=\"og:image\" content=\"https:\/\/paraodloty.pl\/wp-content\/uploads\/2022\/10\/FB_IMG_1574927534010-1024x768.jpg\" \/>\n<meta name=\"twitter:card\" content=\"summary_large_image\" \/>\n<meta name=\"twitter:label1\" content=\"Szacowany czas czytania\" \/>\n\t<meta name=\"twitter:data1\" content=\"2 minuty\" \/>\n<script type=\"application\/ld+json\" class=\"yoast-schema-graph\">{\"@context\":\"https:\\\/\\\/schema.org\",\"@graph\":[{\"@type\":\"WebPage\",\"@id\":\"https:\\\/\\\/paraodloty.pl\\\/?page_id=9\",\"url\":\"https:\\\/\\\/paraodloty.pl\\\/?page_id=9\",\"name\":\"O nas - Paraodloty\",\"isPartOf\":{\"@id\":\"https:\\\/\\\/paraodloty.pl\\\/#website\"},\"primaryImageOfPage\":{\"@id\":\"https:\\\/\\\/paraodloty.pl\\\/?page_id=9#primaryimage\"},\"image\":{\"@id\":\"https:\\\/\\\/paraodloty.pl\\\/?page_id=9#primaryimage\"},\"thumbnailUrl\":\"https:\\\/\\\/paraodloty.pl\\\/wp-content\\\/uploads\\\/2022\\\/10\\\/FB_IMG_1574927534010-1024x768.jpg\",\"datePublished\":\"2022-10-09T08:53:23+00:00\",\"dateModified\":\"2023-07-12T06:08:25+00:00\",\"description\":\"Lot paralotni\u0105 Tr\u00f3jmiasto , loty paralotni\u0105 Tr\u00f3jmiasto, lotparalotni\u0105Tr\u00f3jmiasto, lotyparalotni\u0105Tr\u00f3jmiasto, paraodloty, paralotnie, paralotnia, Bartosz Kowalski paralotnie\",\"breadcrumb\":{\"@id\":\"https:\\\/\\\/paraodloty.pl\\\/?page_id=9#breadcrumb\"},\"inLanguage\":\"pl-PL\",\"potentialAction\":[{\"@type\":\"ReadAction\",\"target\":[\"https:\\\/\\\/paraodloty.pl\\\/?page_id=9\"]}]},{\"@type\":\"ImageObject\",\"inLanguage\":\"pl-PL\",\"@id\":\"https:\\\/\\\/paraodloty.pl\\\/?page_id=9#primaryimage\",\"url\":\"https:\\\/\\\/paraodloty.pl\\\/wp-content\\\/uploads\\\/2022\\\/10\\\/FB_IMG_1574927534010.jpg\",\"contentUrl\":\"https:\\\/\\\/paraodloty.pl\\\/wp-content\\\/uploads\\\/2022\\\/10\\\/FB_IMG_1574927534010.jpg\",\"width\":1080,\"height\":810},{\"@type\":\"BreadcrumbList\",\"@id\":\"https:\\\/\\\/paraodloty.pl\\\/?page_id=9#breadcrumb\",\"itemListElement\":[{\"@type\":\"ListItem\",\"position\":1,\"name\":\"Home\",\"item\":\"https:\\\/\\\/paraodloty.pl\\\/\"},{\"@type\":\"ListItem\",\"position\":2,\"name\":\"O nas\"}]},{\"@type\":\"WebSite\",\"@id\":\"https:\\\/\\\/paraodloty.pl\\\/#website\",\"url\":\"https:\\\/\\\/paraodloty.pl\\\/\",\"name\":\"Paraodloty\",\"description\":\"Szkoda \u017cycia na chodzenie jak mo\u017cna lata\u0107:)\",\"publisher\":{\"@id\":\"https:\\\/\\\/paraodloty.pl\\\/#organization\"},\"potentialAction\":[{\"@type\":\"SearchAction\",\"target\":{\"@type\":\"EntryPoint\",\"urlTemplate\":\"https:\\\/\\\/paraodloty.pl\\\/?s={search_term_string}\"},\"query-input\":{\"@type\":\"PropertyValueSpecification\",\"valueRequired\":true,\"valueName\":\"search_term_string\"}}],\"inLanguage\":\"pl-PL\"},{\"@type\":\"Organization\",\"@id\":\"https:\\\/\\\/paraodloty.pl\\\/#organization\",\"name\":\"Paraodloty\",\"url\":\"https:\\\/\\\/paraodloty.pl\\\/\",\"logo\":{\"@type\":\"ImageObject\",\"inLanguage\":\"pl-PL\",\"@id\":\"https:\\\/\\\/paraodloty.pl\\\/#\\\/schema\\\/logo\\\/image\\\/\",\"url\":\"https:\\\/\\\/paraodloty.pl\\\/wp-content\\\/uploads\\\/2022\\\/10\\\/logo.jpg\",\"contentUrl\":\"https:\\\/\\\/paraodloty.pl\\\/wp-content\\\/uploads\\\/2022\\\/10\\\/logo.jpg\",\"width\":958,\"height\":802,\"caption\":\"Paraodloty\"},\"image\":{\"@id\":\"https:\\\/\\\/paraodloty.pl\\\/#\\\/schema\\\/logo\\\/image\\\/\"},\"sameAs\":[\"https:\\\/\\\/www.facebook.com\\\/ParaOdloty\"]}]}<\/script>\n<!-- \/ Yoast SEO plugin. -->","yoast_head_json":{"title":"O nas - Paraodloty","description":"Lot paralotni\u0105 Tr\u00f3jmiasto , loty paralotni\u0105 Tr\u00f3jmiasto, lotparalotni\u0105Tr\u00f3jmiasto, lotyparalotni\u0105Tr\u00f3jmiasto, paraodloty, paralotnie, paralotnia, Bartosz Kowalski paralotnie","robots":{"index":"index","follow":"follow","max-snippet":"max-snippet:-1","max-image-preview":"max-image-preview:large","max-video-preview":"max-video-preview:-1"},"canonical":"https:\/\/paraodloty.pl\/?page_id=9","og_locale":"pl_PL","og_type":"article","og_title":"O nas - Paraodloty","og_description":"Lot paralotni\u0105 Tr\u00f3jmiasto , loty paralotni\u0105 Tr\u00f3jmiasto, lotparalotni\u0105Tr\u00f3jmiasto, lotyparalotni\u0105Tr\u00f3jmiasto, paraodloty, paralotnie, paralotnia, Bartosz Kowalski paralotnie","og_url":"https:\/\/paraodloty.pl\/?page_id=9","og_site_name":"Paraodloty","article_publisher":"https:\/\/www.facebook.com\/ParaOdloty","article_modified_time":"2023-07-12T06:08:25+00:00","og_image":[{"url":"https:\/\/paraodloty.pl\/wp-content\/uploads\/2022\/10\/FB_IMG_1574927534010-1024x768.jpg","type":"","width":"","height":""}],"twitter_card":"summary_large_image","twitter_misc":{"Szacowany czas czytania":"2 minuty"},"schema":{"@context":"https:\/\/schema.org","@graph":[{"@type":"WebPage","@id":"https:\/\/paraodloty.pl\/?page_id=9","url":"https:\/\/paraodloty.pl\/?page_id=9","name":"O nas - Paraodloty","isPartOf":{"@id":"https:\/\/paraodloty.pl\/#website"},"primaryImageOfPage":{"@id":"https:\/\/paraodloty.pl\/?page_id=9#primaryimage"},"image":{"@id":"https:\/\/paraodloty.pl\/?page_id=9#primaryimage"},"thumbnailUrl":"https:\/\/paraodloty.pl\/wp-content\/uploads\/2022\/10\/FB_IMG_1574927534010-1024x768.jpg","datePublished":"2022-10-09T08:53:23+00:00","dateModified":"2023-07-12T06:08:25+00:00","description":"Lot paralotni\u0105 Tr\u00f3jmiasto , loty paralotni\u0105 Tr\u00f3jmiasto, lotparalotni\u0105Tr\u00f3jmiasto, lotyparalotni\u0105Tr\u00f3jmiasto, paraodloty, paralotnie, paralotnia, Bartosz Kowalski paralotnie","breadcrumb":{"@id":"https:\/\/paraodloty.pl\/?page_id=9#breadcrumb"},"inLanguage":"pl-PL","potentialAction":[{"@type":"ReadAction","target":["https:\/\/paraodloty.pl\/?page_id=9"]}]},{"@type":"ImageObject","inLanguage":"pl-PL","@id":"https:\/\/paraodloty.pl\/?page_id=9#primaryimage","url":"https:\/\/paraodloty.pl\/wp-content\/uploads\/2022\/10\/FB_IMG_1574927534010.jpg","contentUrl":"https:\/\/paraodloty.pl\/wp-content\/uploads\/2022\/10\/FB_IMG_1574927534010.jpg","width":1080,"height":810},{"@type":"BreadcrumbList","@id":"https:\/\/paraodloty.pl\/?page_id=9#breadcrumb","itemListElement":[{"@type":"ListItem","position":1,"name":"Home","item":"https:\/\/paraodloty.pl\/"},{"@type":"ListItem","position":2,"name":"O nas"}]},{"@type":"WebSite","@id":"https:\/\/paraodloty.pl\/#website","url":"https:\/\/paraodloty.pl\/","name":"Paraodloty","description":"Szkoda \u017cycia na chodzenie jak mo\u017cna lata\u0107:)","publisher":{"@id":"https:\/\/paraodloty.pl\/#organization"},"potentialAction":[{"@type":"SearchAction","target":{"@type":"EntryPoint","urlTemplate":"https:\/\/paraodloty.pl\/?s={search_term_string}"},"query-input":{"@type":"PropertyValueSpecification","valueRequired":true,"valueName":"search_term_string"}}],"inLanguage":"pl-PL"},{"@type":"Organization","@id":"https:\/\/paraodloty.pl\/#organization","name":"Paraodloty","url":"https:\/\/paraodloty.pl\/","logo":{"@type":"ImageObject","inLanguage":"pl-PL","@id":"https:\/\/paraodloty.pl\/#\/schema\/logo\/image\/","url":"https:\/\/paraodloty.pl\/wp-content\/uploads\/2022\/10\/logo.jpg","contentUrl":"https:\/\/paraodloty.pl\/wp-content\/uploads\/2022\/10\/logo.jpg","width":958,"height":802,"caption":"Paraodloty"},"image":{"@id":"https:\/\/paraodloty.pl\/#\/schema\/logo\/image\/"},"sameAs":["https:\/\/www.facebook.com\/ParaOdloty"]}]}},"_links":{"self":[{"href":"https:\/\/paraodloty.pl\/index.php?rest_route=\/wp\/v2\/pages\/9","targetHints":{"allow":["GET"]}}],"collection":[{"href":"https:\/\/paraodloty.pl\/index.php?rest_route=\/wp\/v2\/pages"}],"about":[{"href":"https:\/\/paraodloty.pl\/index.php?rest_route=\/wp\/v2\/types\/page"}],"author":[{"embeddable":true,"href":"https:\/\/paraodloty.pl\/index.php?rest_route=\/wp\/v2\/users\/1"}],"replies":[{"embeddable":true,"href":"https:\/\/paraodloty.pl\/index.php?rest_route=%2Fwp%2Fv2%2Fcomments&post=9"}],"version-history":[{"count":30,"href":"https:\/\/paraodloty.pl\/index.php?rest_route=\/wp\/v2\/pages\/9\/revisions"}],"predecessor-version":[{"id":769,"href":"https:\/\/paraodloty.pl\/index.php?rest_route=\/wp\/v2\/pages\/9\/revisions\/769"}],"wp:attachment":[{"href":"https:\/\/paraodloty.pl\/index.php?rest_route=%2Fwp%2Fv2%2Fmedia&parent=9"}],"curies":[{"name":"wp","href":"https:\/\/api.w.org\/{rel}","templated":true}]}}