{"id":377,"date":"2022-10-25T09:56:48","date_gmt":"2022-10-25T07:56:48","guid":{"rendered":"https:\/\/paraodloty.pl\/?page_id=377"},"modified":"2022-11-15T09:04:53","modified_gmt":"2022-11-15T08:04:53","slug":"inne-lot-paralotnia","status":"publish","type":"page","link":"https:\/\/paraodloty.pl\/?page_id=377","title":{"rendered":"R\u00f3\u017cne"},"content":{"rendered":"\n<div class=\"wp-block-columns is-layout-flex wp-container-core-columns-is-layout-9d6595d7 wp-block-columns-is-layout-flex\">\n<div class=\"wp-block-column is-layout-flow wp-block-column-is-layout-flow\">\n<figure class=\"wp-block-embed is-type-video is-provider-youtube wp-block-embed-youtube wp-embed-aspect-16-9 wp-has-aspect-ratio\"><div class=\"wp-block-embed__wrapper\">\n<div class=\"nv-iframe-embed\"><iframe title=\"Why People Fly \u2014 original version\" width=\"1200\" height=\"675\" src=\"https:\/\/www.youtube.com\/embed\/RQ7YE9kxtNo?feature=oembed\" frameborder=\"0\" allow=\"accelerometer; autoplay; clipboard-write; encrypted-media; gyroscope; picture-in-picture\" allowfullscreen><\/iframe><\/div>\n<\/div><\/figure>\n<\/div>\n\n\n\n<div class=\"wp-block-column is-layout-flow wp-block-column-is-layout-flow\">\n<figure class=\"wp-block-embed is-type-video is-provider-youtube wp-block-embed-youtube wp-embed-aspect-16-9 wp-has-aspect-ratio\"><div class=\"wp-block-embed__wrapper\">\n<div class=\"nv-iframe-embed\"><iframe title=\"Speedriding Through An Alpine Resort | From Avoriaz With Love\" width=\"1200\" height=\"675\" src=\"https:\/\/www.youtube.com\/embed\/xsEMjWdgRdw?feature=oembed\" frameborder=\"0\" allow=\"accelerometer; autoplay; clipboard-write; encrypted-media; gyroscope; picture-in-picture\" allowfullscreen><\/iframe><\/div>\n<\/div><\/figure>\n<\/div>\n\n\n\n<div class=\"wp-block-column is-layout-flow wp-block-column-is-layout-flow\">\n<figure class=\"wp-block-embed is-type-video is-provider-youtube wp-block-embed-youtube wp-embed-aspect-16-9 wp-has-aspect-ratio\"><div class=\"wp-block-embed__wrapper\">\n<div class=\"nv-iframe-embed\"><iframe title=\"Weightless - Jean-Baptiste Chandelier\" width=\"1200\" height=\"675\" src=\"https:\/\/www.youtube.com\/embed\/Oos4ojutOMM?start=24&#038;feature=oembed\" frameborder=\"0\" allow=\"accelerometer; autoplay; clipboard-write; encrypted-media; gyroscope; picture-in-picture\" allowfullscreen><\/iframe><\/div>\n<\/div><\/figure>\n<\/div>\n<\/div>\n\n\n\n<div class=\"wp-block-columns is-layout-flex wp-container-core-columns-is-layout-9d6595d7 wp-block-columns-is-layout-flex\">\n<div class=\"wp-block-column is-layout-flow wp-block-column-is-layout-flow\">\n<figure class=\"wp-block-image size-large\"><img fetchpriority=\"high\" decoding=\"async\" width=\"1024\" height=\"576\" src=\"https:\/\/paraodloty.pl\/wp-content\/uploads\/2022\/10\/ms_1-1-1024x576.jpg\" alt=\"Lot paralotni\u0105 Tr\u00f3jmiasto , loty paralotni\u0105 Tr\u00f3jmiasto, lotparalotni\u0105Tr\u00f3jmiasto, lotyparalotni\u0105Tr\u00f3jmiasto, paraodloty, paralotnie, paralotnia, Bartosz Kowalski paralotnie\" class=\"wp-image-407\" srcset=\"https:\/\/paraodloty.pl\/wp-content\/uploads\/2022\/10\/ms_1-1-1024x576.jpg 1024w, https:\/\/paraodloty.pl\/wp-content\/uploads\/2022\/10\/ms_1-1-300x169.jpg 300w, https:\/\/paraodloty.pl\/wp-content\/uploads\/2022\/10\/ms_1-1-768x432.jpg 768w, https:\/\/paraodloty.pl\/wp-content\/uploads\/2022\/10\/ms_1-1-1536x864.jpg 1536w, https:\/\/paraodloty.pl\/wp-content\/uploads\/2022\/10\/ms_1-1.jpg 1920w\" sizes=\"(max-width: 1024px) 100vw, 1024px\" \/><\/figure>\n\n\n\n<figure class=\"wp-block-image size-full\"><img decoding=\"async\" width=\"720\" height=\"476\" src=\"https:\/\/paraodloty.pl\/wp-content\/uploads\/2022\/10\/IMG_20190528_151929-2.png\" alt=\"Lot paralotni\u0105 Tr\u00f3jmiasto , loty paralotni\u0105 Tr\u00f3jmiasto, lotparalotni\u0105Tr\u00f3jmiasto, lotyparalotni\u0105Tr\u00f3jmiasto, paraodloty, paralotnie, paralotnia, Bartosz Kowalski paralotnie\" class=\"wp-image-410\" srcset=\"https:\/\/paraodloty.pl\/wp-content\/uploads\/2022\/10\/IMG_20190528_151929-2.png 720w, https:\/\/paraodloty.pl\/wp-content\/uploads\/2022\/10\/IMG_20190528_151929-2-300x198.png 300w\" sizes=\"(max-width: 720px) 100vw, 720px\" \/><\/figure>\n\n\n\n<figure class=\"wp-block-image size-large\"><img decoding=\"async\" width=\"1024\" height=\"681\" src=\"https:\/\/paraodloty.pl\/wp-content\/uploads\/2022\/11\/src_6953-fotografujemy_wschod_slonca_zdjecia-1024x681.jpg\" alt=\"Lot paralotni\u0105 Tr\u00f3jmiasto , loty paralotni\u0105 Tr\u00f3jmiasto, lotparalotni\u0105Tr\u00f3jmiasto, lotyparalotni\u0105Tr\u00f3jmiasto, paraodloty, paralotnie, paralotnia, Bartosz Kowalski paralotnie\" class=\"wp-image-419\" srcset=\"https:\/\/paraodloty.pl\/wp-content\/uploads\/2022\/11\/src_6953-fotografujemy_wschod_slonca_zdjecia-1024x681.jpg 1024w, https:\/\/paraodloty.pl\/wp-content\/uploads\/2022\/11\/src_6953-fotografujemy_wschod_slonca_zdjecia-300x200.jpg 300w, https:\/\/paraodloty.pl\/wp-content\/uploads\/2022\/11\/src_6953-fotografujemy_wschod_slonca_zdjecia-768x511.jpg 768w, https:\/\/paraodloty.pl\/wp-content\/uploads\/2022\/11\/src_6953-fotografujemy_wschod_slonca_zdjecia.jpg 1200w\" sizes=\"(max-width: 1024px) 100vw, 1024px\" \/><\/figure>\n<\/div>\n\n\n\n<div class=\"wp-block-column is-layout-flow wp-block-column-is-layout-flow\">\n<figure class=\"wp-block-image size-large is-resized\"><img loading=\"lazy\" decoding=\"async\" src=\"https:\/\/paraodloty.pl\/wp-content\/uploads\/2022\/10\/20210129_231119-2-1024x1001.jpg\" alt=\"Lot paralotni\u0105 Tr\u00f3jmiasto , loty paralotni\u0105 Tr\u00f3jmiasto, lotparalotni\u0105Tr\u00f3jmiasto, lotyparalotni\u0105Tr\u00f3jmiasto, paraodloty, paralotnie, paralotnia, Bartosz Kowalski paralotnie\" class=\"wp-image-409\" width=\"570\" height=\"558\" srcset=\"https:\/\/paraodloty.pl\/wp-content\/uploads\/2022\/10\/20210129_231119-2-1024x1001.jpg 1024w, https:\/\/paraodloty.pl\/wp-content\/uploads\/2022\/10\/20210129_231119-2-300x293.jpg 300w, https:\/\/paraodloty.pl\/wp-content\/uploads\/2022\/10\/20210129_231119-2-768x751.jpg 768w, https:\/\/paraodloty.pl\/wp-content\/uploads\/2022\/10\/20210129_231119-2.jpg 1078w\" sizes=\"(max-width: 570px) 100vw, 570px\" \/><\/figure>\n\n\n\n<figure class=\"wp-block-image size-large\"><img loading=\"lazy\" decoding=\"async\" width=\"1024\" height=\"682\" src=\"https:\/\/paraodloty.pl\/wp-content\/uploads\/2022\/11\/dziara_21739759161653-1024x682.jpg\" alt=\"Lot paralotni\u0105 Tr\u00f3jmiasto , loty paralotni\u0105 Tr\u00f3jmiasto, lotparalotni\u0105Tr\u00f3jmiasto, lotyparalotni\u0105Tr\u00f3jmiasto, paraodloty, paralotnie, paralotnia, Bartosz Kowalski paralotnie\" class=\"wp-image-418\" srcset=\"https:\/\/paraodloty.pl\/wp-content\/uploads\/2022\/11\/dziara_21739759161653-1024x682.jpg 1024w, https:\/\/paraodloty.pl\/wp-content\/uploads\/2022\/11\/dziara_21739759161653-300x200.jpg 300w, https:\/\/paraodloty.pl\/wp-content\/uploads\/2022\/11\/dziara_21739759161653-768x512.jpg 768w, https:\/\/paraodloty.pl\/wp-content\/uploads\/2022\/11\/dziara_21739759161653-1536x1023.jpg 1536w, https:\/\/paraodloty.pl\/wp-content\/uploads\/2022\/11\/dziara_21739759161653-930x620.jpg 930w, https:\/\/paraodloty.pl\/wp-content\/uploads\/2022\/11\/dziara_21739759161653.jpg 1600w\" sizes=\"(max-width: 1024px) 100vw, 1024px\" \/><\/figure>\n\n\n\n<figure class=\"wp-block-image size-full is-resized\"><img loading=\"lazy\" decoding=\"async\" src=\"https:\/\/paraodloty.pl\/wp-content\/uploads\/2022\/11\/FB_IMG_1667256072654-1.jpg\" alt=\"Lot paralotni\u0105 Tr\u00f3jmiasto , loty paralotni\u0105 Tr\u00f3jmiasto, lotparalotni\u0105Tr\u00f3jmiasto, lotyparalotni\u0105Tr\u00f3jmiasto, paraodloty, paralotnie, paralotnia, Bartosz Kowalski paralotnie\" class=\"wp-image-423\" width=\"566\" height=\"609\" srcset=\"https:\/\/paraodloty.pl\/wp-content\/uploads\/2022\/11\/FB_IMG_1667256072654-1.jpg 466w, https:\/\/paraodloty.pl\/wp-content\/uploads\/2022\/11\/FB_IMG_1667256072654-1-279x300.jpg 279w\" sizes=\"(max-width: 566px) 100vw, 566px\" \/><\/figure>\n<\/div>\n<\/div>\n","protected":false},"excerpt":{"rendered":"","protected":false},"author":1,"featured_media":0,"parent":0,"menu_order":0,"comment_status":"closed","ping_status":"closed","template":"","meta":{"neve_meta_sidebar":"","neve_meta_container":"","neve_meta_enable_content_width":"","neve_meta_content_width":0,"neve_meta_title_alignment":"","neve_meta_author_avatar":"","neve_post_elements_order":"","neve_meta_disable_header":"","neve_meta_disable_footer":"","neve_meta_disable_title":"","footnotes":""},"class_list":["post-377","page","type-page","status-publish","hentry"],"yoast_head":"<!-- This site is optimized with the Yoast SEO plugin v27.4 - https:\/\/yoast.com\/product\/yoast-seo-wordpress\/ -->\n<title>R\u00f3\u017cne - Paraodloty<\/title>\n<meta name=\"description\" content=\"Lot paralotni\u0105 Tr\u00f3jmiasto , loty paralotni\u0105 Tr\u00f3jmiasto, lotparalotni\u0105Tr\u00f3jmiasto, lotyparalotni\u0105Tr\u00f3jmiasto, paraodloty, paralotnie, paralotnia, Bartosz Kowalski paralotnie\" \/>\n<meta name=\"robots\" content=\"index, follow, max-snippet:-1, max-image-preview:large, max-video-preview:-1\" \/>\n<link rel=\"canonical\" href=\"https:\/\/paraodloty.pl\/?page_id=377\" \/>\n<meta property=\"og:locale\" content=\"pl_PL\" \/>\n<meta property=\"og:type\" content=\"article\" \/>\n<meta property=\"og:title\" content=\"R\u00f3\u017cne - Paraodloty\" \/>\n<meta property=\"og:description\" content=\"Lot paralotni\u0105 Tr\u00f3jmiasto , loty paralotni\u0105 Tr\u00f3jmiasto, lotparalotni\u0105Tr\u00f3jmiasto, lotyparalotni\u0105Tr\u00f3jmiasto, paraodloty, paralotnie, paralotnia, Bartosz Kowalski paralotnie\" \/>\n<meta property=\"og:url\" content=\"https:\/\/paraodloty.pl\/?page_id=377\" \/>\n<meta property=\"og:site_name\" content=\"Paraodloty\" \/>\n<meta property=\"article:publisher\" content=\"https:\/\/www.facebook.com\/ParaOdloty\" \/>\n<meta property=\"article:modified_time\" content=\"2022-11-15T08:04:53+00:00\" \/>\n<meta property=\"og:image\" content=\"https:\/\/paraodloty.pl\/wp-content\/uploads\/2022\/10\/ms_1-1-1024x576.jpg\" \/>\n<meta name=\"twitter:card\" content=\"summary_large_image\" \/>\n<meta name=\"twitter:label1\" content=\"Szacowany czas czytania\" \/>\n\t<meta name=\"twitter:data1\" content=\"2 minuty\" \/>\n<script type=\"application\/ld+json\" class=\"yoast-schema-graph\">{\"@context\":\"https:\\\/\\\/schema.org\",\"@graph\":[{\"@type\":\"WebPage\",\"@id\":\"https:\\\/\\\/paraodloty.pl\\\/?page_id=377\",\"url\":\"https:\\\/\\\/paraodloty.pl\\\/?page_id=377\",\"name\":\"R\u00f3\u017cne - Paraodloty\",\"isPartOf\":{\"@id\":\"https:\\\/\\\/paraodloty.pl\\\/#website\"},\"primaryImageOfPage\":{\"@id\":\"https:\\\/\\\/paraodloty.pl\\\/?page_id=377#primaryimage\"},\"image\":{\"@id\":\"https:\\\/\\\/paraodloty.pl\\\/?page_id=377#primaryimage\"},\"thumbnailUrl\":\"https:\\\/\\\/paraodloty.pl\\\/wp-content\\\/uploads\\\/2022\\\/10\\\/ms_1-1-1024x576.jpg\",\"datePublished\":\"2022-10-25T07:56:48+00:00\",\"dateModified\":\"2022-11-15T08:04:53+00:00\",\"description\":\"Lot paralotni\u0105 Tr\u00f3jmiasto , loty paralotni\u0105 Tr\u00f3jmiasto, lotparalotni\u0105Tr\u00f3jmiasto, lotyparalotni\u0105Tr\u00f3jmiasto, paraodloty, paralotnie, paralotnia, Bartosz Kowalski paralotnie\",\"breadcrumb\":{\"@id\":\"https:\\\/\\\/paraodloty.pl\\\/?page_id=377#breadcrumb\"},\"inLanguage\":\"pl-PL\",\"potentialAction\":[{\"@type\":\"ReadAction\",\"target\":[\"https:\\\/\\\/paraodloty.pl\\\/?page_id=377\"]}]},{\"@type\":\"ImageObject\",\"inLanguage\":\"pl-PL\",\"@id\":\"https:\\\/\\\/paraodloty.pl\\\/?page_id=377#primaryimage\",\"url\":\"https:\\\/\\\/paraodloty.pl\\\/wp-content\\\/uploads\\\/2022\\\/10\\\/ms_1-1.jpg\",\"contentUrl\":\"https:\\\/\\\/paraodloty.pl\\\/wp-content\\\/uploads\\\/2022\\\/10\\\/ms_1-1.jpg\",\"width\":1920,\"height\":1080},{\"@type\":\"BreadcrumbList\",\"@id\":\"https:\\\/\\\/paraodloty.pl\\\/?page_id=377#breadcrumb\",\"itemListElement\":[{\"@type\":\"ListItem\",\"position\":1,\"name\":\"Home\",\"item\":\"https:\\\/\\\/paraodloty.pl\\\/\"},{\"@type\":\"ListItem\",\"position\":2,\"name\":\"R\u00f3\u017cne\"}]},{\"@type\":\"WebSite\",\"@id\":\"https:\\\/\\\/paraodloty.pl\\\/#website\",\"url\":\"https:\\\/\\\/paraodloty.pl\\\/\",\"name\":\"Paraodloty\",\"description\":\"Szkoda \u017cycia na chodzenie jak mo\u017cna lata\u0107:)\",\"publisher\":{\"@id\":\"https:\\\/\\\/paraodloty.pl\\\/#organization\"},\"potentialAction\":[{\"@type\":\"SearchAction\",\"target\":{\"@type\":\"EntryPoint\",\"urlTemplate\":\"https:\\\/\\\/paraodloty.pl\\\/?s={search_term_string}\"},\"query-input\":{\"@type\":\"PropertyValueSpecification\",\"valueRequired\":true,\"valueName\":\"search_term_string\"}}],\"inLanguage\":\"pl-PL\"},{\"@type\":\"Organization\",\"@id\":\"https:\\\/\\\/paraodloty.pl\\\/#organization\",\"name\":\"Paraodloty\",\"url\":\"https:\\\/\\\/paraodloty.pl\\\/\",\"logo\":{\"@type\":\"ImageObject\",\"inLanguage\":\"pl-PL\",\"@id\":\"https:\\\/\\\/paraodloty.pl\\\/#\\\/schema\\\/logo\\\/image\\\/\",\"url\":\"https:\\\/\\\/paraodloty.pl\\\/wp-content\\\/uploads\\\/2022\\\/10\\\/logo.jpg\",\"contentUrl\":\"https:\\\/\\\/paraodloty.pl\\\/wp-content\\\/uploads\\\/2022\\\/10\\\/logo.jpg\",\"width\":958,\"height\":802,\"caption\":\"Paraodloty\"},\"image\":{\"@id\":\"https:\\\/\\\/paraodloty.pl\\\/#\\\/schema\\\/logo\\\/image\\\/\"},\"sameAs\":[\"https:\\\/\\\/www.facebook.com\\\/ParaOdloty\"]}]}<\/script>\n<!-- \/ Yoast SEO plugin. -->","yoast_head_json":{"title":"R\u00f3\u017cne - Paraodloty","description":"Lot paralotni\u0105 Tr\u00f3jmiasto , loty paralotni\u0105 Tr\u00f3jmiasto, lotparalotni\u0105Tr\u00f3jmiasto, lotyparalotni\u0105Tr\u00f3jmiasto, paraodloty, paralotnie, paralotnia, Bartosz Kowalski paralotnie","robots":{"index":"index","follow":"follow","max-snippet":"max-snippet:-1","max-image-preview":"max-image-preview:large","max-video-preview":"max-video-preview:-1"},"canonical":"https:\/\/paraodloty.pl\/?page_id=377","og_locale":"pl_PL","og_type":"article","og_title":"R\u00f3\u017cne - Paraodloty","og_description":"Lot paralotni\u0105 Tr\u00f3jmiasto , loty paralotni\u0105 Tr\u00f3jmiasto, lotparalotni\u0105Tr\u00f3jmiasto, lotyparalotni\u0105Tr\u00f3jmiasto, paraodloty, paralotnie, paralotnia, Bartosz Kowalski paralotnie","og_url":"https:\/\/paraodloty.pl\/?page_id=377","og_site_name":"Paraodloty","article_publisher":"https:\/\/www.facebook.com\/ParaOdloty","article_modified_time":"2022-11-15T08:04:53+00:00","og_image":[{"url":"https:\/\/paraodloty.pl\/wp-content\/uploads\/2022\/10\/ms_1-1-1024x576.jpg","type":"","width":"","height":""}],"twitter_card":"summary_large_image","twitter_misc":{"Szacowany czas czytania":"2 minuty"},"schema":{"@context":"https:\/\/schema.org","@graph":[{"@type":"WebPage","@id":"https:\/\/paraodloty.pl\/?page_id=377","url":"https:\/\/paraodloty.pl\/?page_id=377","name":"R\u00f3\u017cne - Paraodloty","isPartOf":{"@id":"https:\/\/paraodloty.pl\/#website"},"primaryImageOfPage":{"@id":"https:\/\/paraodloty.pl\/?page_id=377#primaryimage"},"image":{"@id":"https:\/\/paraodloty.pl\/?page_id=377#primaryimage"},"thumbnailUrl":"https:\/\/paraodloty.pl\/wp-content\/uploads\/2022\/10\/ms_1-1-1024x576.jpg","datePublished":"2022-10-25T07:56:48+00:00","dateModified":"2022-11-15T08:04:53+00:00","description":"Lot paralotni\u0105 Tr\u00f3jmiasto , loty paralotni\u0105 Tr\u00f3jmiasto, lotparalotni\u0105Tr\u00f3jmiasto, lotyparalotni\u0105Tr\u00f3jmiasto, paraodloty, paralotnie, paralotnia, Bartosz Kowalski paralotnie","breadcrumb":{"@id":"https:\/\/paraodloty.pl\/?page_id=377#breadcrumb"},"inLanguage":"pl-PL","potentialAction":[{"@type":"ReadAction","target":["https:\/\/paraodloty.pl\/?page_id=377"]}]},{"@type":"ImageObject","inLanguage":"pl-PL","@id":"https:\/\/paraodloty.pl\/?page_id=377#primaryimage","url":"https:\/\/paraodloty.pl\/wp-content\/uploads\/2022\/10\/ms_1-1.jpg","contentUrl":"https:\/\/paraodloty.pl\/wp-content\/uploads\/2022\/10\/ms_1-1.jpg","width":1920,"height":1080},{"@type":"BreadcrumbList","@id":"https:\/\/paraodloty.pl\/?page_id=377#breadcrumb","itemListElement":[{"@type":"ListItem","position":1,"name":"Home","item":"https:\/\/paraodloty.pl\/"},{"@type":"ListItem","position":2,"name":"R\u00f3\u017cne"}]},{"@type":"WebSite","@id":"https:\/\/paraodloty.pl\/#website","url":"https:\/\/paraodloty.pl\/","name":"Paraodloty","description":"Szkoda \u017cycia na chodzenie jak mo\u017cna lata\u0107:)","publisher":{"@id":"https:\/\/paraodloty.pl\/#organization"},"potentialAction":[{"@type":"SearchAction","target":{"@type":"EntryPoint","urlTemplate":"https:\/\/paraodloty.pl\/?s={search_term_string}"},"query-input":{"@type":"PropertyValueSpecification","valueRequired":true,"valueName":"search_term_string"}}],"inLanguage":"pl-PL"},{"@type":"Organization","@id":"https:\/\/paraodloty.pl\/#organization","name":"Paraodloty","url":"https:\/\/paraodloty.pl\/","logo":{"@type":"ImageObject","inLanguage":"pl-PL","@id":"https:\/\/paraodloty.pl\/#\/schema\/logo\/image\/","url":"https:\/\/paraodloty.pl\/wp-content\/uploads\/2022\/10\/logo.jpg","contentUrl":"https:\/\/paraodloty.pl\/wp-content\/uploads\/2022\/10\/logo.jpg","width":958,"height":802,"caption":"Paraodloty"},"image":{"@id":"https:\/\/paraodloty.pl\/#\/schema\/logo\/image\/"},"sameAs":["https:\/\/www.facebook.com\/ParaOdloty"]}]}},"_links":{"self":[{"href":"https:\/\/paraodloty.pl\/index.php?rest_route=\/wp\/v2\/pages\/377","targetHints":{"allow":["GET"]}}],"collection":[{"href":"https:\/\/paraodloty.pl\/index.php?rest_route=\/wp\/v2\/pages"}],"about":[{"href":"https:\/\/paraodloty.pl\/index.php?rest_route=\/wp\/v2\/types\/page"}],"author":[{"embeddable":true,"href":"https:\/\/paraodloty.pl\/index.php?rest_route=\/wp\/v2\/users\/1"}],"replies":[{"embeddable":true,"href":"https:\/\/paraodloty.pl\/index.php?rest_route=%2Fwp%2Fv2%2Fcomments&post=377"}],"version-history":[{"count":9,"href":"https:\/\/paraodloty.pl\/index.php?rest_route=\/wp\/v2\/pages\/377\/revisions"}],"predecessor-version":[{"id":447,"href":"https:\/\/paraodloty.pl\/index.php?rest_route=\/wp\/v2\/pages\/377\/revisions\/447"}],"wp:attachment":[{"href":"https:\/\/paraodloty.pl\/index.php?rest_route=%2Fwp%2Fv2%2Fmedia&parent=377"}],"curies":[{"name":"wp","href":"https:\/\/api.w.org\/{rel}","templated":true}]}}