{"id":358,"date":"2022-10-25T09:44:27","date_gmt":"2022-10-25T07:44:27","guid":{"rendered":"https:\/\/paraodloty.pl\/?page_id=358"},"modified":"2023-07-11T09:39:17","modified_gmt":"2023-07-11T07:39:17","slug":"lot-paralotnia-trojmiasto","status":"publish","type":"page","link":"https:\/\/paraodloty.pl\/?page_id=358","title":{"rendered":"Niziny"},"content":{"rendered":"\n<div class=\"wp-block-columns is-layout-flex wp-container-core-columns-is-layout-9d6595d7 wp-block-columns-is-layout-flex\">\n<div class=\"wp-block-column is-layout-flow wp-block-column-is-layout-flow\">\n<figure class=\"wp-block-image size-large\"><img fetchpriority=\"high\" decoding=\"async\" width=\"1024\" height=\"576\" src=\"https:\/\/paraodloty.pl\/wp-content\/uploads\/2023\/07\/GOPR4699_1688831184593-1024x576.jpg\" alt=\"\" class=\"wp-image-560\" srcset=\"https:\/\/paraodloty.pl\/wp-content\/uploads\/2023\/07\/GOPR4699_1688831184593-1024x576.jpg 1024w, https:\/\/paraodloty.pl\/wp-content\/uploads\/2023\/07\/GOPR4699_1688831184593-300x169.jpg 300w, https:\/\/paraodloty.pl\/wp-content\/uploads\/2023\/07\/GOPR4699_1688831184593-768x432.jpg 768w, https:\/\/paraodloty.pl\/wp-content\/uploads\/2023\/07\/GOPR4699_1688831184593-1536x863.jpg 1536w, https:\/\/paraodloty.pl\/wp-content\/uploads\/2023\/07\/GOPR4699_1688831184593-2048x1151.jpg 2048w\" sizes=\"(max-width: 1024px) 100vw, 1024px\" \/><\/figure>\n\n\n\n<figure class=\"wp-block-image size-large\"><img decoding=\"async\" width=\"1024\" height=\"576\" src=\"https:\/\/paraodloty.pl\/wp-content\/uploads\/2023\/07\/GOPR4681_1688247937864-1024x576.jpg\" alt=\"\" class=\"wp-image-503\" srcset=\"https:\/\/paraodloty.pl\/wp-content\/uploads\/2023\/07\/GOPR4681_1688247937864-1024x576.jpg 1024w, https:\/\/paraodloty.pl\/wp-content\/uploads\/2023\/07\/GOPR4681_1688247937864-300x169.jpg 300w, https:\/\/paraodloty.pl\/wp-content\/uploads\/2023\/07\/GOPR4681_1688247937864-768x432.jpg 768w, https:\/\/paraodloty.pl\/wp-content\/uploads\/2023\/07\/GOPR4681_1688247937864-1536x863.jpg 1536w, https:\/\/paraodloty.pl\/wp-content\/uploads\/2023\/07\/GOPR4681_1688247937864-2048x1151.jpg 2048w\" sizes=\"(max-width: 1024px) 100vw, 1024px\" \/><\/figure>\n\n\n\n<figure class=\"wp-block-image size-large\"><img decoding=\"async\" width=\"1024\" height=\"683\" src=\"https:\/\/paraodloty.pl\/wp-content\/uploads\/2022\/10\/DSC03197-1024x683.jpg\" alt=\"Lot paralotni\u0105 Tr\u00f3jmiasto , loty paralotni\u0105 Tr\u00f3jmiasto, lotparalotni\u0105Tr\u00f3jmiasto, lotyparalotni\u0105Tr\u00f3jmiasto, paraodloty, paralotnie, paralotnia, Bartosz Kowalski paralotnie\" class=\"wp-image-361\" srcset=\"https:\/\/paraodloty.pl\/wp-content\/uploads\/2022\/10\/DSC03197-1024x683.jpg 1024w, https:\/\/paraodloty.pl\/wp-content\/uploads\/2022\/10\/DSC03197-300x200.jpg 300w, https:\/\/paraodloty.pl\/wp-content\/uploads\/2022\/10\/DSC03197-768x512.jpg 768w, https:\/\/paraodloty.pl\/wp-content\/uploads\/2022\/10\/DSC03197-1536x1024.jpg 1536w, https:\/\/paraodloty.pl\/wp-content\/uploads\/2022\/10\/DSC03197-2048x1365.jpg 2048w, https:\/\/paraodloty.pl\/wp-content\/uploads\/2022\/10\/DSC03197-930x620.jpg 930w\" sizes=\"(max-width: 1024px) 100vw, 1024px\" \/><\/figure>\n\n\n\n<figure class=\"wp-block-image size-large\"><img loading=\"lazy\" decoding=\"async\" width=\"1024\" height=\"768\" src=\"https:\/\/paraodloty.pl\/wp-content\/uploads\/2022\/10\/FB_IMG_1574927534010-1-1024x768.jpg\" alt=\"Lot paralotni\u0105 Tr\u00f3jmiasto , loty paralotni\u0105 Tr\u00f3jmiasto, lotparalotni\u0105Tr\u00f3jmiasto, lotyparalotni\u0105Tr\u00f3jmiasto, paraodloty, paralotnie, paralotnia, Bartosz Kowalski paralotnie\" class=\"wp-image-359\" srcset=\"https:\/\/paraodloty.pl\/wp-content\/uploads\/2022\/10\/FB_IMG_1574927534010-1-1024x768.jpg 1024w, https:\/\/paraodloty.pl\/wp-content\/uploads\/2022\/10\/FB_IMG_1574927534010-1-300x225.jpg 300w, https:\/\/paraodloty.pl\/wp-content\/uploads\/2022\/10\/FB_IMG_1574927534010-1-768x576.jpg 768w, https:\/\/paraodloty.pl\/wp-content\/uploads\/2022\/10\/FB_IMG_1574927534010-1.jpg 1080w\" sizes=\"(max-width: 1024px) 100vw, 1024px\" \/><\/figure>\n\n\n\n<figure class=\"wp-block-image size-large is-resized\"><img loading=\"lazy\" decoding=\"async\" src=\"https:\/\/paraodloty.pl\/wp-content\/uploads\/2022\/10\/20220531_093108-1024x461.jpg\" alt=\"Lot paralotni\u0105 Tr\u00f3jmiasto , loty paralotni\u0105 Tr\u00f3jmiasto, lotparalotni\u0105Tr\u00f3jmiasto, lotyparalotni\u0105Tr\u00f3jmiasto, paraodloty, paralotnie, paralotnia, Bartosz Kowalski paralotnie\" class=\"wp-image-366\" width=\"568\" height=\"255\" srcset=\"https:\/\/paraodloty.pl\/wp-content\/uploads\/2022\/10\/20220531_093108-1024x461.jpg 1024w, https:\/\/paraodloty.pl\/wp-content\/uploads\/2022\/10\/20220531_093108-300x135.jpg 300w, https:\/\/paraodloty.pl\/wp-content\/uploads\/2022\/10\/20220531_093108-768x346.jpg 768w, https:\/\/paraodloty.pl\/wp-content\/uploads\/2022\/10\/20220531_093108-1536x692.jpg 1536w, https:\/\/paraodloty.pl\/wp-content\/uploads\/2022\/10\/20220531_093108-2048x922.jpg 2048w\" sizes=\"(max-width: 568px) 100vw, 568px\" \/><\/figure>\n<\/div>\n\n\n\n<div class=\"wp-block-column is-layout-flow wp-block-column-is-layout-flow\">\n<figure class=\"wp-block-image size-large\"><img loading=\"lazy\" decoding=\"async\" width=\"1024\" height=\"576\" src=\"https:\/\/paraodloty.pl\/wp-content\/uploads\/2023\/07\/GOPR4698_1688830820919-1024x576.jpg\" alt=\"\" class=\"wp-image-544\" srcset=\"https:\/\/paraodloty.pl\/wp-content\/uploads\/2023\/07\/GOPR4698_1688830820919-1024x576.jpg 1024w, https:\/\/paraodloty.pl\/wp-content\/uploads\/2023\/07\/GOPR4698_1688830820919-300x169.jpg 300w, https:\/\/paraodloty.pl\/wp-content\/uploads\/2023\/07\/GOPR4698_1688830820919-768x432.jpg 768w, https:\/\/paraodloty.pl\/wp-content\/uploads\/2023\/07\/GOPR4698_1688830820919-1536x863.jpg 1536w, https:\/\/paraodloty.pl\/wp-content\/uploads\/2023\/07\/GOPR4698_1688830820919-2048x1151.jpg 2048w\" sizes=\"(max-width: 1024px) 100vw, 1024px\" \/><\/figure>\n\n\n\n<figure class=\"wp-block-image size-large\"><img loading=\"lazy\" decoding=\"async\" width=\"1024\" height=\"576\" src=\"https:\/\/paraodloty.pl\/wp-content\/uploads\/2023\/07\/GOPR4694_1688829832356-1024x576.jpg\" alt=\"\" class=\"wp-image-520\" srcset=\"https:\/\/paraodloty.pl\/wp-content\/uploads\/2023\/07\/GOPR4694_1688829832356-1024x576.jpg 1024w, https:\/\/paraodloty.pl\/wp-content\/uploads\/2023\/07\/GOPR4694_1688829832356-300x169.jpg 300w, https:\/\/paraodloty.pl\/wp-content\/uploads\/2023\/07\/GOPR4694_1688829832356-768x432.jpg 768w, https:\/\/paraodloty.pl\/wp-content\/uploads\/2023\/07\/GOPR4694_1688829832356-1536x863.jpg 1536w, https:\/\/paraodloty.pl\/wp-content\/uploads\/2023\/07\/GOPR4694_1688829832356-2048x1151.jpg 2048w\" sizes=\"(max-width: 1024px) 100vw, 1024px\" \/><\/figure>\n\n\n\n<figure class=\"wp-block-image size-large is-resized\"><img loading=\"lazy\" decoding=\"async\" src=\"https:\/\/paraodloty.pl\/wp-content\/uploads\/2022\/10\/DSC03113-1024x683.jpg\" alt=\"Lot paralotni\u0105 Tr\u00f3jmiasto , loty paralotni\u0105 Tr\u00f3jmiasto, lotparalotni\u0105Tr\u00f3jmiasto, lotyparalotni\u0105Tr\u00f3jmiasto, paraodloty, paralotnie, paralotnia, Bartosz Kowalski paralotnie\" class=\"wp-image-360\" width=\"568\" height=\"378\" srcset=\"https:\/\/paraodloty.pl\/wp-content\/uploads\/2022\/10\/DSC03113-1024x683.jpg 1024w, https:\/\/paraodloty.pl\/wp-content\/uploads\/2022\/10\/DSC03113-300x200.jpg 300w, https:\/\/paraodloty.pl\/wp-content\/uploads\/2022\/10\/DSC03113-768x512.jpg 768w, https:\/\/paraodloty.pl\/wp-content\/uploads\/2022\/10\/DSC03113-1536x1024.jpg 1536w, https:\/\/paraodloty.pl\/wp-content\/uploads\/2022\/10\/DSC03113-2048x1365.jpg 2048w, https:\/\/paraodloty.pl\/wp-content\/uploads\/2022\/10\/DSC03113-930x620.jpg 930w\" sizes=\"(max-width: 568px) 100vw, 568px\" \/><\/figure>\n\n\n\n<figure class=\"wp-block-image size-large\"><img loading=\"lazy\" decoding=\"async\" width=\"1024\" height=\"687\" src=\"https:\/\/paraodloty.pl\/wp-content\/uploads\/2022\/10\/FB_IMG_1616370837868-1-1024x687.jpg\" alt=\"Lot paralotni\u0105 Tr\u00f3jmiasto , loty paralotni\u0105 Tr\u00f3jmiasto, lotparalotni\u0105Tr\u00f3jmiasto, lotyparalotni\u0105Tr\u00f3jmiasto, paraodloty, paralotnie, paralotnia, Bartosz Kowalski paralotnie\" class=\"wp-image-364\" srcset=\"https:\/\/paraodloty.pl\/wp-content\/uploads\/2022\/10\/FB_IMG_1616370837868-1-1024x687.jpg 1024w, https:\/\/paraodloty.pl\/wp-content\/uploads\/2022\/10\/FB_IMG_1616370837868-1-300x201.jpg 300w, https:\/\/paraodloty.pl\/wp-content\/uploads\/2022\/10\/FB_IMG_1616370837868-1-768x516.jpg 768w, https:\/\/paraodloty.pl\/wp-content\/uploads\/2022\/10\/FB_IMG_1616370837868-1.jpg 1080w\" sizes=\"(max-width: 1024px) 100vw, 1024px\" \/><\/figure>\n\n\n\n<figure class=\"wp-block-image size-large is-resized\"><img loading=\"lazy\" decoding=\"async\" src=\"https:\/\/paraodloty.pl\/wp-content\/uploads\/2022\/10\/GP064487_1650885507519-2-1024x576.jpg\" alt=\"Lot paralotni\u0105 Tr\u00f3jmiasto , loty paralotni\u0105 Tr\u00f3jmiasto, lotparalotni\u0105Tr\u00f3jmiasto, lotyparalotni\u0105Tr\u00f3jmiasto, paraodloty, paralotnie, paralotnia, Bartosz Kowalski paralotnie\" class=\"wp-image-368\" width=\"568\" height=\"319\" srcset=\"https:\/\/paraodloty.pl\/wp-content\/uploads\/2022\/10\/GP064487_1650885507519-2-1024x576.jpg 1024w, https:\/\/paraodloty.pl\/wp-content\/uploads\/2022\/10\/GP064487_1650885507519-2-300x169.jpg 300w, https:\/\/paraodloty.pl\/wp-content\/uploads\/2022\/10\/GP064487_1650885507519-2-768x432.jpg 768w, https:\/\/paraodloty.pl\/wp-content\/uploads\/2022\/10\/GP064487_1650885507519-2-1536x864.jpg 1536w, https:\/\/paraodloty.pl\/wp-content\/uploads\/2022\/10\/GP064487_1650885507519-2-2048x1152.jpg 2048w\" sizes=\"(max-width: 568px) 100vw, 568px\" \/><\/figure>\n<\/div>\n<\/div>\n","protected":false},"excerpt":{"rendered":"","protected":false},"author":1,"featured_media":0,"parent":0,"menu_order":0,"comment_status":"closed","ping_status":"closed","template":"","meta":{"neve_meta_sidebar":"","neve_meta_container":"","neve_meta_enable_content_width":"","neve_meta_content_width":0,"neve_meta_title_alignment":"","neve_meta_author_avatar":"","neve_post_elements_order":"","neve_meta_disable_header":"","neve_meta_disable_footer":"","neve_meta_disable_title":"","footnotes":""},"class_list":["post-358","page","type-page","status-publish","hentry"],"yoast_head":"<!-- This site is optimized with the Yoast SEO plugin v27.4 - https:\/\/yoast.com\/product\/yoast-seo-wordpress\/ -->\n<title>Niziny - Paraodloty<\/title>\n<meta name=\"description\" content=\"Lot paralotni\u0105 Tr\u00f3jmiasto , loty paralotni\u0105 Tr\u00f3jmiasto, lotparalotni\u0105Tr\u00f3jmiasto, lotyparalotni\u0105Tr\u00f3jmiasto, paraodloty, paralotnie, paralotnia, Bartosz Kowalski paralotnie\" \/>\n<meta name=\"robots\" content=\"index, follow, max-snippet:-1, max-image-preview:large, max-video-preview:-1\" \/>\n<link rel=\"canonical\" href=\"https:\/\/paraodloty.pl\/?page_id=358\" \/>\n<meta property=\"og:locale\" content=\"pl_PL\" \/>\n<meta property=\"og:type\" content=\"article\" \/>\n<meta property=\"og:title\" content=\"Niziny - Paraodloty\" \/>\n<meta property=\"og:description\" content=\"Lot paralotni\u0105 Tr\u00f3jmiasto , loty paralotni\u0105 Tr\u00f3jmiasto, lotparalotni\u0105Tr\u00f3jmiasto, lotyparalotni\u0105Tr\u00f3jmiasto, paraodloty, paralotnie, paralotnia, Bartosz Kowalski paralotnie\" \/>\n<meta property=\"og:url\" content=\"https:\/\/paraodloty.pl\/?page_id=358\" \/>\n<meta property=\"og:site_name\" content=\"Paraodloty\" \/>\n<meta property=\"article:publisher\" content=\"https:\/\/www.facebook.com\/ParaOdloty\" \/>\n<meta property=\"article:modified_time\" content=\"2023-07-11T07:39:17+00:00\" \/>\n<meta property=\"og:image\" content=\"https:\/\/paraodloty.pl\/wp-content\/uploads\/2023\/07\/GOPR4699_1688831184593-1024x576.jpg\" \/>\n<meta name=\"twitter:card\" content=\"summary_large_image\" \/>\n<meta name=\"twitter:label1\" content=\"Szacowany czas czytania\" \/>\n\t<meta name=\"twitter:data1\" content=\"2 minuty\" \/>\n<script type=\"application\/ld+json\" class=\"yoast-schema-graph\">{\"@context\":\"https:\\\/\\\/schema.org\",\"@graph\":[{\"@type\":\"WebPage\",\"@id\":\"https:\\\/\\\/paraodloty.pl\\\/?page_id=358\",\"url\":\"https:\\\/\\\/paraodloty.pl\\\/?page_id=358\",\"name\":\"Niziny - Paraodloty\",\"isPartOf\":{\"@id\":\"https:\\\/\\\/paraodloty.pl\\\/#website\"},\"primaryImageOfPage\":{\"@id\":\"https:\\\/\\\/paraodloty.pl\\\/?page_id=358#primaryimage\"},\"image\":{\"@id\":\"https:\\\/\\\/paraodloty.pl\\\/?page_id=358#primaryimage\"},\"thumbnailUrl\":\"https:\\\/\\\/paraodloty.pl\\\/wp-content\\\/uploads\\\/2023\\\/07\\\/GOPR4699_1688831184593-1024x576.jpg\",\"datePublished\":\"2022-10-25T07:44:27+00:00\",\"dateModified\":\"2023-07-11T07:39:17+00:00\",\"description\":\"Lot paralotni\u0105 Tr\u00f3jmiasto , loty paralotni\u0105 Tr\u00f3jmiasto, lotparalotni\u0105Tr\u00f3jmiasto, lotyparalotni\u0105Tr\u00f3jmiasto, paraodloty, paralotnie, paralotnia, Bartosz Kowalski paralotnie\",\"breadcrumb\":{\"@id\":\"https:\\\/\\\/paraodloty.pl\\\/?page_id=358#breadcrumb\"},\"inLanguage\":\"pl-PL\",\"potentialAction\":[{\"@type\":\"ReadAction\",\"target\":[\"https:\\\/\\\/paraodloty.pl\\\/?page_id=358\"]}]},{\"@type\":\"ImageObject\",\"inLanguage\":\"pl-PL\",\"@id\":\"https:\\\/\\\/paraodloty.pl\\\/?page_id=358#primaryimage\",\"url\":\"https:\\\/\\\/paraodloty.pl\\\/wp-content\\\/uploads\\\/2023\\\/07\\\/GOPR4699_1688831184593-scaled.jpg\",\"contentUrl\":\"https:\\\/\\\/paraodloty.pl\\\/wp-content\\\/uploads\\\/2023\\\/07\\\/GOPR4699_1688831184593-scaled.jpg\",\"width\":2560,\"height\":1439},{\"@type\":\"BreadcrumbList\",\"@id\":\"https:\\\/\\\/paraodloty.pl\\\/?page_id=358#breadcrumb\",\"itemListElement\":[{\"@type\":\"ListItem\",\"position\":1,\"name\":\"Home\",\"item\":\"https:\\\/\\\/paraodloty.pl\\\/\"},{\"@type\":\"ListItem\",\"position\":2,\"name\":\"Niziny\"}]},{\"@type\":\"WebSite\",\"@id\":\"https:\\\/\\\/paraodloty.pl\\\/#website\",\"url\":\"https:\\\/\\\/paraodloty.pl\\\/\",\"name\":\"Paraodloty\",\"description\":\"Szkoda \u017cycia na chodzenie jak mo\u017cna lata\u0107:)\",\"publisher\":{\"@id\":\"https:\\\/\\\/paraodloty.pl\\\/#organization\"},\"potentialAction\":[{\"@type\":\"SearchAction\",\"target\":{\"@type\":\"EntryPoint\",\"urlTemplate\":\"https:\\\/\\\/paraodloty.pl\\\/?s={search_term_string}\"},\"query-input\":{\"@type\":\"PropertyValueSpecification\",\"valueRequired\":true,\"valueName\":\"search_term_string\"}}],\"inLanguage\":\"pl-PL\"},{\"@type\":\"Organization\",\"@id\":\"https:\\\/\\\/paraodloty.pl\\\/#organization\",\"name\":\"Paraodloty\",\"url\":\"https:\\\/\\\/paraodloty.pl\\\/\",\"logo\":{\"@type\":\"ImageObject\",\"inLanguage\":\"pl-PL\",\"@id\":\"https:\\\/\\\/paraodloty.pl\\\/#\\\/schema\\\/logo\\\/image\\\/\",\"url\":\"https:\\\/\\\/paraodloty.pl\\\/wp-content\\\/uploads\\\/2022\\\/10\\\/logo.jpg\",\"contentUrl\":\"https:\\\/\\\/paraodloty.pl\\\/wp-content\\\/uploads\\\/2022\\\/10\\\/logo.jpg\",\"width\":958,\"height\":802,\"caption\":\"Paraodloty\"},\"image\":{\"@id\":\"https:\\\/\\\/paraodloty.pl\\\/#\\\/schema\\\/logo\\\/image\\\/\"},\"sameAs\":[\"https:\\\/\\\/www.facebook.com\\\/ParaOdloty\"]}]}<\/script>\n<!-- \/ Yoast SEO plugin. -->","yoast_head_json":{"title":"Niziny - Paraodloty","description":"Lot paralotni\u0105 Tr\u00f3jmiasto , loty paralotni\u0105 Tr\u00f3jmiasto, lotparalotni\u0105Tr\u00f3jmiasto, lotyparalotni\u0105Tr\u00f3jmiasto, paraodloty, paralotnie, paralotnia, Bartosz Kowalski paralotnie","robots":{"index":"index","follow":"follow","max-snippet":"max-snippet:-1","max-image-preview":"max-image-preview:large","max-video-preview":"max-video-preview:-1"},"canonical":"https:\/\/paraodloty.pl\/?page_id=358","og_locale":"pl_PL","og_type":"article","og_title":"Niziny - Paraodloty","og_description":"Lot paralotni\u0105 Tr\u00f3jmiasto , loty paralotni\u0105 Tr\u00f3jmiasto, lotparalotni\u0105Tr\u00f3jmiasto, lotyparalotni\u0105Tr\u00f3jmiasto, paraodloty, paralotnie, paralotnia, Bartosz Kowalski paralotnie","og_url":"https:\/\/paraodloty.pl\/?page_id=358","og_site_name":"Paraodloty","article_publisher":"https:\/\/www.facebook.com\/ParaOdloty","article_modified_time":"2023-07-11T07:39:17+00:00","og_image":[{"url":"https:\/\/paraodloty.pl\/wp-content\/uploads\/2023\/07\/GOPR4699_1688831184593-1024x576.jpg","type":"","width":"","height":""}],"twitter_card":"summary_large_image","twitter_misc":{"Szacowany czas czytania":"2 minuty"},"schema":{"@context":"https:\/\/schema.org","@graph":[{"@type":"WebPage","@id":"https:\/\/paraodloty.pl\/?page_id=358","url":"https:\/\/paraodloty.pl\/?page_id=358","name":"Niziny - Paraodloty","isPartOf":{"@id":"https:\/\/paraodloty.pl\/#website"},"primaryImageOfPage":{"@id":"https:\/\/paraodloty.pl\/?page_id=358#primaryimage"},"image":{"@id":"https:\/\/paraodloty.pl\/?page_id=358#primaryimage"},"thumbnailUrl":"https:\/\/paraodloty.pl\/wp-content\/uploads\/2023\/07\/GOPR4699_1688831184593-1024x576.jpg","datePublished":"2022-10-25T07:44:27+00:00","dateModified":"2023-07-11T07:39:17+00:00","description":"Lot paralotni\u0105 Tr\u00f3jmiasto , loty paralotni\u0105 Tr\u00f3jmiasto, lotparalotni\u0105Tr\u00f3jmiasto, lotyparalotni\u0105Tr\u00f3jmiasto, paraodloty, paralotnie, paralotnia, Bartosz Kowalski paralotnie","breadcrumb":{"@id":"https:\/\/paraodloty.pl\/?page_id=358#breadcrumb"},"inLanguage":"pl-PL","potentialAction":[{"@type":"ReadAction","target":["https:\/\/paraodloty.pl\/?page_id=358"]}]},{"@type":"ImageObject","inLanguage":"pl-PL","@id":"https:\/\/paraodloty.pl\/?page_id=358#primaryimage","url":"https:\/\/paraodloty.pl\/wp-content\/uploads\/2023\/07\/GOPR4699_1688831184593-scaled.jpg","contentUrl":"https:\/\/paraodloty.pl\/wp-content\/uploads\/2023\/07\/GOPR4699_1688831184593-scaled.jpg","width":2560,"height":1439},{"@type":"BreadcrumbList","@id":"https:\/\/paraodloty.pl\/?page_id=358#breadcrumb","itemListElement":[{"@type":"ListItem","position":1,"name":"Home","item":"https:\/\/paraodloty.pl\/"},{"@type":"ListItem","position":2,"name":"Niziny"}]},{"@type":"WebSite","@id":"https:\/\/paraodloty.pl\/#website","url":"https:\/\/paraodloty.pl\/","name":"Paraodloty","description":"Szkoda \u017cycia na chodzenie jak mo\u017cna lata\u0107:)","publisher":{"@id":"https:\/\/paraodloty.pl\/#organization"},"potentialAction":[{"@type":"SearchAction","target":{"@type":"EntryPoint","urlTemplate":"https:\/\/paraodloty.pl\/?s={search_term_string}"},"query-input":{"@type":"PropertyValueSpecification","valueRequired":true,"valueName":"search_term_string"}}],"inLanguage":"pl-PL"},{"@type":"Organization","@id":"https:\/\/paraodloty.pl\/#organization","name":"Paraodloty","url":"https:\/\/paraodloty.pl\/","logo":{"@type":"ImageObject","inLanguage":"pl-PL","@id":"https:\/\/paraodloty.pl\/#\/schema\/logo\/image\/","url":"https:\/\/paraodloty.pl\/wp-content\/uploads\/2022\/10\/logo.jpg","contentUrl":"https:\/\/paraodloty.pl\/wp-content\/uploads\/2022\/10\/logo.jpg","width":958,"height":802,"caption":"Paraodloty"},"image":{"@id":"https:\/\/paraodloty.pl\/#\/schema\/logo\/image\/"},"sameAs":["https:\/\/www.facebook.com\/ParaOdloty"]}]}},"_links":{"self":[{"href":"https:\/\/paraodloty.pl\/index.php?rest_route=\/wp\/v2\/pages\/358","targetHints":{"allow":["GET"]}}],"collection":[{"href":"https:\/\/paraodloty.pl\/index.php?rest_route=\/wp\/v2\/pages"}],"about":[{"href":"https:\/\/paraodloty.pl\/index.php?rest_route=\/wp\/v2\/types\/page"}],"author":[{"embeddable":true,"href":"https:\/\/paraodloty.pl\/index.php?rest_route=\/wp\/v2\/users\/1"}],"replies":[{"embeddable":true,"href":"https:\/\/paraodloty.pl\/index.php?rest_route=%2Fwp%2Fv2%2Fcomments&post=358"}],"version-history":[{"count":8,"href":"https:\/\/paraodloty.pl\/index.php?rest_route=\/wp\/v2\/pages\/358\/revisions"}],"predecessor-version":[{"id":678,"href":"https:\/\/paraodloty.pl\/index.php?rest_route=\/wp\/v2\/pages\/358\/revisions\/678"}],"wp:attachment":[{"href":"https:\/\/paraodloty.pl\/index.php?rest_route=%2Fwp%2Fv2%2Fmedia&parent=358"}],"curies":[{"name":"wp","href":"https:\/\/api.w.org\/{rel}","templated":true}]}}