{"id":12,"date":"2022-10-09T10:53:23","date_gmt":"2022-10-09T08:53:23","guid":{"rendered":"https:\/\/paraodloty.pl\/?page_id=12"},"modified":"2023-07-12T08:05:01","modified_gmt":"2023-07-12T06:05:01","slug":"przygotowanie-do-lotu","status":"publish","type":"page","link":"https:\/\/paraodloty.pl\/?page_id=12","title":{"rendered":"Przygotowanie do lotu"},"content":{"rendered":"\n<div class=\"wp-block-cover alignfull\" style=\"min-height:600px;aspect-ratio:unset;\"><span aria-hidden=\"true\" class=\"wp-block-cover__background has-nv-light-bg-background-color has-background-dim-100 has-background-dim\"><\/span><div class=\"wp-block-cover__inner-container is-layout-flow wp-block-cover-is-layout-flow\">\n<div class=\"wp-block-group\"><div class=\"wp-block-group__inner-container is-layout-flow wp-block-group-is-layout-flow\">\n<h3 class=\"wp-block-heading has-text-align-center\"><strong><em><mark style=\"background-color:var(--nv-light-bg)\" class=\"has-inline-color has-neve-text-color-color\">Kiedy ju\u017c um\u00f3wisz si\u0119 na sw\u00f3j lot.<\/mark><\/em><\/strong><\/h3>\n\n\n\n<div class=\"wp-block-columns is-layout-flex wp-container-core-columns-is-layout-9d6595d7 wp-block-columns-is-layout-flex\">\n<div class=\"wp-block-column is-layout-flow wp-block-column-is-layout-flow\" style=\"flex-basis:66.79%\">\n<figure class=\"wp-block-image size-large\" id=\"Lot-paralotni\u0105,-Lot-paralotni\u0105-Tr\u00f3jmiasto-,-loty-paralotni\u0105-Tr\u00f3jmiasto,-lotparalotni\u0105Tr\u00f3jmiasto,-lotyparalotni\u0105Tr\u00f3jmiasto,-paraodloty,-paralotnie,-paralotnia,-Bartosz-Kowalski-paralotnie\"><img fetchpriority=\"high\" decoding=\"async\" width=\"1024\" height=\"576\" src=\"https:\/\/paraodloty.pl\/wp-content\/uploads\/2022\/10\/20210407_081208-1024x576.jpg\" alt=\"Lot paralotni\u0105 Tr\u00f3jmiasto , loty paralotni\u0105 Tr\u00f3jmiasto, lotparalotni\u0105Tr\u00f3jmiasto, lotyparalotni\u0105Tr\u00f3jmiasto, paraodloty, paralotnie, paralotnia, Bartosz Kowalski paralotnie\" class=\"wp-image-232\" title=\"Lot paralotni\u0105, Lot paralotni\u0105 Tr\u00f3jmiasto , loty paralotni\u0105 Tr\u00f3jmiasto, lotparalotni\u0105Tr\u00f3jmiasto, lotyparalotni\u0105Tr\u00f3jmiasto, paraodloty, paralotnie, paralotnia, Bartosz Kowalski paralotnie\" srcset=\"https:\/\/paraodloty.pl\/wp-content\/uploads\/2022\/10\/20210407_081208-1024x576.jpg 1024w, https:\/\/paraodloty.pl\/wp-content\/uploads\/2022\/10\/20210407_081208-300x169.jpg 300w, https:\/\/paraodloty.pl\/wp-content\/uploads\/2022\/10\/20210407_081208-768x432.jpg 768w, https:\/\/paraodloty.pl\/wp-content\/uploads\/2022\/10\/20210407_081208-1536x864.jpg 1536w, https:\/\/paraodloty.pl\/wp-content\/uploads\/2022\/10\/20210407_081208.jpg 1808w\" sizes=\"(max-width: 1024px) 100vw, 1024px\" \/><\/figure>\n\n\n\n<div style=\"height:40px\" aria-hidden=\"true\" class=\"wp-block-spacer\"><\/div>\n<\/div>\n\n\n\n<div class=\"wp-block-column is-layout-flow wp-block-column-is-layout-flow\" style=\"flex-basis:34%\">\n<p class=\"has-text-align-left has-neve-link-color-color has-text-color\">         Tak naprawd\u0119 potrzebujesz zabra\u0107 ze sob\u0105 tylko wygodny, najlepiej sportowy str\u00f3j, buty za kostk\u0119 oraz pozytywne nastawienie, bo je\u015bli prognoza pogody si\u0119 potwierdzi, to prze\u017cyjesz niesamowite chwile. Przed startem pilot obja\u015bnia ka\u017cdemu pasa\u017cerowi co b\u0119dzie musia\u0142 wykonywa\u0107 podczas lotu, a czego absolutnie robi\u0107 mu nie wolno. W praktyce, sprowadza si\u0119 to do wykonania kilku krok\u00f3w przy starcie i l\u0105dowaniu, oczywi\u015bcie po wyra\u017anym przypomnieniu przez pilota, oraz nie dotykaniu r\u0105czki od wyczepu, je\u015bli wykonujemy start na holu. Nie s\u0105 to skomplikowane procedury i ka\u017cdy, bez problemu sobie z tym poradzi.<\/p>\n\n\n\n<div class=\"wp-block-buttons is-layout-flex wp-block-buttons-is-layout-flex\">\n<div class=\"wp-block-button is-style-primary\"><a class=\"wp-block-button__link wp-element-button\" href=\"https:\/\/paraodloty.pl\/?page_id=10\">Kontakt<\/a><\/div>\n<\/div>\n\n\n<div class=\"wp-block-image is-style-default wp-duotone-unset-1\">\n<figure class=\"alignright size-large is-resized\" id=\"Lot-paralotni\u0105,-Lot-paralotni\u0105-Tr\u00f3jmiasto-,-loty-paralotni\u0105-Tr\u00f3jmiasto,-lotparalotni\u0105Tr\u00f3jmiasto,-lotyparalotni\u0105Tr\u00f3jmiasto,-paraodloty,-paralotnie,-paralotnia,-Bartosz-Kowalski-paralotnie\"><img decoding=\"async\" src=\"https:\/\/paraodloty.pl\/wp-content\/uploads\/2022\/11\/315519931_1094651261190421_264860297718711470_n-1024x444.png\" alt=\"Lot paralotni\u0105, Lot paralotni\u0105 Tr\u00f3jmiasto , loty paralotni\u0105 Tr\u00f3jmiasto, lotparalotni\u0105Tr\u00f3jmiasto, lotyparalotni\u0105Tr\u00f3jmiasto, paraodloty, paralotnie, paralotnia, Bartosz Kowalski paralotnie\" class=\"wp-image-456\" width=\"161\" height=\"69\" title=\"Lot paralotni\u0105, Lot paralotni\u0105 Tr\u00f3jmiasto , loty paralotni\u0105 Tr\u00f3jmiasto, lotparalotni\u0105Tr\u00f3jmiasto, lotyparalotni\u0105Tr\u00f3jmiasto, paraodloty, paralotnie, paralotnia, Bartosz Kowalski paralotnie\" srcset=\"https:\/\/paraodloty.pl\/wp-content\/uploads\/2022\/11\/315519931_1094651261190421_264860297718711470_n-1024x444.png 1024w, https:\/\/paraodloty.pl\/wp-content\/uploads\/2022\/11\/315519931_1094651261190421_264860297718711470_n-300x130.png 300w, https:\/\/paraodloty.pl\/wp-content\/uploads\/2022\/11\/315519931_1094651261190421_264860297718711470_n-768x333.png 768w, https:\/\/paraodloty.pl\/wp-content\/uploads\/2022\/11\/315519931_1094651261190421_264860297718711470_n-1536x666.png 1536w, https:\/\/paraodloty.pl\/wp-content\/uploads\/2022\/11\/315519931_1094651261190421_264860297718711470_n-2048x888.png 2048w\" sizes=\"(max-width: 161px) 100vw, 161px\" \/><\/figure>\n<\/div>\n\n\n<p class=\"has-neve-text-color-color has-text-color\"><\/p>\n\n\n\n<p class=\"has-neve-text-color-color has-text-color\"><\/p>\n<\/div>\n<\/div>\n\n\n\n<div style=\"height:40px\" aria-hidden=\"true\" class=\"wp-block-spacer\"><\/div>\n<\/div><\/div>\n<\/div><\/div>\n","protected":false},"excerpt":{"rendered":"","protected":false},"author":1,"featured_media":0,"parent":0,"menu_order":0,"comment_status":"closed","ping_status":"closed","template":"","meta":{"neve_meta_sidebar":"","neve_meta_container":"","neve_meta_enable_content_width":"on","neve_meta_content_width":100,"neve_meta_title_alignment":"","neve_meta_author_avatar":"","neve_post_elements_order":"","neve_meta_disable_header":"","neve_meta_disable_footer":"","neve_meta_disable_title":"on","footnotes":""},"class_list":["post-12","page","type-page","status-publish","hentry"],"yoast_head":"<!-- This site is optimized with the Yoast SEO plugin v27.4 - https:\/\/yoast.com\/product\/yoast-seo-wordpress\/ -->\n<title>Przygotowanie do lotu - Paraodloty<\/title>\n<meta name=\"description\" content=\"Lot paralotni\u0105 Tr\u00f3jmiasto , loty paralotni\u0105 Tr\u00f3jmiasto, lotparalotni\u0105Tr\u00f3jmiasto, lotyparalotni\u0105Tr\u00f3jmiasto, paraodloty, paralotnie, paralotnia, Bartosz Kowalski paralotnie\" \/>\n<meta name=\"robots\" content=\"index, follow, max-snippet:-1, max-image-preview:large, max-video-preview:-1\" \/>\n<link rel=\"canonical\" href=\"https:\/\/paraodloty.pl\/?page_id=12\" \/>\n<meta property=\"og:locale\" content=\"pl_PL\" \/>\n<meta property=\"og:type\" content=\"article\" \/>\n<meta property=\"og:title\" content=\"Przygotowanie do lotu - Paraodloty\" \/>\n<meta property=\"og:description\" content=\"Lot paralotni\u0105 Tr\u00f3jmiasto , loty paralotni\u0105 Tr\u00f3jmiasto, lotparalotni\u0105Tr\u00f3jmiasto, lotyparalotni\u0105Tr\u00f3jmiasto, paraodloty, paralotnie, paralotnia, Bartosz Kowalski paralotnie\" \/>\n<meta property=\"og:url\" content=\"https:\/\/paraodloty.pl\/?page_id=12\" \/>\n<meta property=\"og:site_name\" content=\"Paraodloty\" \/>\n<meta property=\"article:publisher\" content=\"https:\/\/www.facebook.com\/ParaOdloty\" \/>\n<meta property=\"article:modified_time\" content=\"2023-07-12T06:05:01+00:00\" \/>\n<meta property=\"og:image\" content=\"https:\/\/paraodloty.pl\/wp-content\/uploads\/2022\/10\/20210407_081208-1024x576.jpg\" \/>\n<meta name=\"twitter:card\" content=\"summary_large_image\" \/>\n<meta name=\"twitter:label1\" content=\"Szacowany czas czytania\" \/>\n\t<meta name=\"twitter:data1\" content=\"1 minuta\" \/>\n<script type=\"application\/ld+json\" class=\"yoast-schema-graph\">{\"@context\":\"https:\\\/\\\/schema.org\",\"@graph\":[{\"@type\":\"WebPage\",\"@id\":\"https:\\\/\\\/paraodloty.pl\\\/?page_id=12\",\"url\":\"https:\\\/\\\/paraodloty.pl\\\/?page_id=12\",\"name\":\"Przygotowanie do lotu - Paraodloty\",\"isPartOf\":{\"@id\":\"https:\\\/\\\/paraodloty.pl\\\/#website\"},\"primaryImageOfPage\":{\"@id\":\"https:\\\/\\\/paraodloty.pl\\\/?page_id=12#primaryimage\"},\"image\":{\"@id\":\"https:\\\/\\\/paraodloty.pl\\\/?page_id=12#primaryimage\"},\"thumbnailUrl\":\"https:\\\/\\\/paraodloty.pl\\\/wp-content\\\/uploads\\\/2022\\\/10\\\/20210407_081208-1024x576.jpg\",\"datePublished\":\"2022-10-09T08:53:23+00:00\",\"dateModified\":\"2023-07-12T06:05:01+00:00\",\"description\":\"Lot paralotni\u0105 Tr\u00f3jmiasto , loty paralotni\u0105 Tr\u00f3jmiasto, lotparalotni\u0105Tr\u00f3jmiasto, lotyparalotni\u0105Tr\u00f3jmiasto, paraodloty, paralotnie, paralotnia, Bartosz Kowalski paralotnie\",\"breadcrumb\":{\"@id\":\"https:\\\/\\\/paraodloty.pl\\\/?page_id=12#breadcrumb\"},\"inLanguage\":\"pl-PL\",\"potentialAction\":[{\"@type\":\"ReadAction\",\"target\":[\"https:\\\/\\\/paraodloty.pl\\\/?page_id=12\"]}]},{\"@type\":\"ImageObject\",\"inLanguage\":\"pl-PL\",\"@id\":\"https:\\\/\\\/paraodloty.pl\\\/?page_id=12#primaryimage\",\"url\":\"https:\\\/\\\/paraodloty.pl\\\/wp-content\\\/uploads\\\/2022\\\/10\\\/20210407_081208.jpg\",\"contentUrl\":\"https:\\\/\\\/paraodloty.pl\\\/wp-content\\\/uploads\\\/2022\\\/10\\\/20210407_081208.jpg\",\"width\":1808,\"height\":1017},{\"@type\":\"BreadcrumbList\",\"@id\":\"https:\\\/\\\/paraodloty.pl\\\/?page_id=12#breadcrumb\",\"itemListElement\":[{\"@type\":\"ListItem\",\"position\":1,\"name\":\"Home\",\"item\":\"https:\\\/\\\/paraodloty.pl\\\/\"},{\"@type\":\"ListItem\",\"position\":2,\"name\":\"Przygotowanie do lotu\"}]},{\"@type\":\"WebSite\",\"@id\":\"https:\\\/\\\/paraodloty.pl\\\/#website\",\"url\":\"https:\\\/\\\/paraodloty.pl\\\/\",\"name\":\"Paraodloty\",\"description\":\"Szkoda \u017cycia na chodzenie jak mo\u017cna lata\u0107:)\",\"publisher\":{\"@id\":\"https:\\\/\\\/paraodloty.pl\\\/#organization\"},\"potentialAction\":[{\"@type\":\"SearchAction\",\"target\":{\"@type\":\"EntryPoint\",\"urlTemplate\":\"https:\\\/\\\/paraodloty.pl\\\/?s={search_term_string}\"},\"query-input\":{\"@type\":\"PropertyValueSpecification\",\"valueRequired\":true,\"valueName\":\"search_term_string\"}}],\"inLanguage\":\"pl-PL\"},{\"@type\":\"Organization\",\"@id\":\"https:\\\/\\\/paraodloty.pl\\\/#organization\",\"name\":\"Paraodloty\",\"url\":\"https:\\\/\\\/paraodloty.pl\\\/\",\"logo\":{\"@type\":\"ImageObject\",\"inLanguage\":\"pl-PL\",\"@id\":\"https:\\\/\\\/paraodloty.pl\\\/#\\\/schema\\\/logo\\\/image\\\/\",\"url\":\"https:\\\/\\\/paraodloty.pl\\\/wp-content\\\/uploads\\\/2022\\\/10\\\/logo.jpg\",\"contentUrl\":\"https:\\\/\\\/paraodloty.pl\\\/wp-content\\\/uploads\\\/2022\\\/10\\\/logo.jpg\",\"width\":958,\"height\":802,\"caption\":\"Paraodloty\"},\"image\":{\"@id\":\"https:\\\/\\\/paraodloty.pl\\\/#\\\/schema\\\/logo\\\/image\\\/\"},\"sameAs\":[\"https:\\\/\\\/www.facebook.com\\\/ParaOdloty\"]}]}<\/script>\n<!-- \/ Yoast SEO plugin. -->","yoast_head_json":{"title":"Przygotowanie do lotu - Paraodloty","description":"Lot paralotni\u0105 Tr\u00f3jmiasto , loty paralotni\u0105 Tr\u00f3jmiasto, lotparalotni\u0105Tr\u00f3jmiasto, lotyparalotni\u0105Tr\u00f3jmiasto, paraodloty, paralotnie, paralotnia, Bartosz Kowalski paralotnie","robots":{"index":"index","follow":"follow","max-snippet":"max-snippet:-1","max-image-preview":"max-image-preview:large","max-video-preview":"max-video-preview:-1"},"canonical":"https:\/\/paraodloty.pl\/?page_id=12","og_locale":"pl_PL","og_type":"article","og_title":"Przygotowanie do lotu - Paraodloty","og_description":"Lot paralotni\u0105 Tr\u00f3jmiasto , loty paralotni\u0105 Tr\u00f3jmiasto, lotparalotni\u0105Tr\u00f3jmiasto, lotyparalotni\u0105Tr\u00f3jmiasto, paraodloty, paralotnie, paralotnia, Bartosz Kowalski paralotnie","og_url":"https:\/\/paraodloty.pl\/?page_id=12","og_site_name":"Paraodloty","article_publisher":"https:\/\/www.facebook.com\/ParaOdloty","article_modified_time":"2023-07-12T06:05:01+00:00","og_image":[{"url":"https:\/\/paraodloty.pl\/wp-content\/uploads\/2022\/10\/20210407_081208-1024x576.jpg","type":"","width":"","height":""}],"twitter_card":"summary_large_image","twitter_misc":{"Szacowany czas czytania":"1 minuta"},"schema":{"@context":"https:\/\/schema.org","@graph":[{"@type":"WebPage","@id":"https:\/\/paraodloty.pl\/?page_id=12","url":"https:\/\/paraodloty.pl\/?page_id=12","name":"Przygotowanie do lotu - Paraodloty","isPartOf":{"@id":"https:\/\/paraodloty.pl\/#website"},"primaryImageOfPage":{"@id":"https:\/\/paraodloty.pl\/?page_id=12#primaryimage"},"image":{"@id":"https:\/\/paraodloty.pl\/?page_id=12#primaryimage"},"thumbnailUrl":"https:\/\/paraodloty.pl\/wp-content\/uploads\/2022\/10\/20210407_081208-1024x576.jpg","datePublished":"2022-10-09T08:53:23+00:00","dateModified":"2023-07-12T06:05:01+00:00","description":"Lot paralotni\u0105 Tr\u00f3jmiasto , loty paralotni\u0105 Tr\u00f3jmiasto, lotparalotni\u0105Tr\u00f3jmiasto, lotyparalotni\u0105Tr\u00f3jmiasto, paraodloty, paralotnie, paralotnia, Bartosz Kowalski paralotnie","breadcrumb":{"@id":"https:\/\/paraodloty.pl\/?page_id=12#breadcrumb"},"inLanguage":"pl-PL","potentialAction":[{"@type":"ReadAction","target":["https:\/\/paraodloty.pl\/?page_id=12"]}]},{"@type":"ImageObject","inLanguage":"pl-PL","@id":"https:\/\/paraodloty.pl\/?page_id=12#primaryimage","url":"https:\/\/paraodloty.pl\/wp-content\/uploads\/2022\/10\/20210407_081208.jpg","contentUrl":"https:\/\/paraodloty.pl\/wp-content\/uploads\/2022\/10\/20210407_081208.jpg","width":1808,"height":1017},{"@type":"BreadcrumbList","@id":"https:\/\/paraodloty.pl\/?page_id=12#breadcrumb","itemListElement":[{"@type":"ListItem","position":1,"name":"Home","item":"https:\/\/paraodloty.pl\/"},{"@type":"ListItem","position":2,"name":"Przygotowanie do lotu"}]},{"@type":"WebSite","@id":"https:\/\/paraodloty.pl\/#website","url":"https:\/\/paraodloty.pl\/","name":"Paraodloty","description":"Szkoda \u017cycia na chodzenie jak mo\u017cna lata\u0107:)","publisher":{"@id":"https:\/\/paraodloty.pl\/#organization"},"potentialAction":[{"@type":"SearchAction","target":{"@type":"EntryPoint","urlTemplate":"https:\/\/paraodloty.pl\/?s={search_term_string}"},"query-input":{"@type":"PropertyValueSpecification","valueRequired":true,"valueName":"search_term_string"}}],"inLanguage":"pl-PL"},{"@type":"Organization","@id":"https:\/\/paraodloty.pl\/#organization","name":"Paraodloty","url":"https:\/\/paraodloty.pl\/","logo":{"@type":"ImageObject","inLanguage":"pl-PL","@id":"https:\/\/paraodloty.pl\/#\/schema\/logo\/image\/","url":"https:\/\/paraodloty.pl\/wp-content\/uploads\/2022\/10\/logo.jpg","contentUrl":"https:\/\/paraodloty.pl\/wp-content\/uploads\/2022\/10\/logo.jpg","width":958,"height":802,"caption":"Paraodloty"},"image":{"@id":"https:\/\/paraodloty.pl\/#\/schema\/logo\/image\/"},"sameAs":["https:\/\/www.facebook.com\/ParaOdloty"]}]}},"_links":{"self":[{"href":"https:\/\/paraodloty.pl\/index.php?rest_route=\/wp\/v2\/pages\/12","targetHints":{"allow":["GET"]}}],"collection":[{"href":"https:\/\/paraodloty.pl\/index.php?rest_route=\/wp\/v2\/pages"}],"about":[{"href":"https:\/\/paraodloty.pl\/index.php?rest_route=\/wp\/v2\/types\/page"}],"author":[{"embeddable":true,"href":"https:\/\/paraodloty.pl\/index.php?rest_route=\/wp\/v2\/users\/1"}],"replies":[{"embeddable":true,"href":"https:\/\/paraodloty.pl\/index.php?rest_route=%2Fwp%2Fv2%2Fcomments&post=12"}],"version-history":[{"count":23,"href":"https:\/\/paraodloty.pl\/index.php?rest_route=\/wp\/v2\/pages\/12\/revisions"}],"predecessor-version":[{"id":770,"href":"https:\/\/paraodloty.pl\/index.php?rest_route=\/wp\/v2\/pages\/12\/revisions\/770"}],"wp:attachment":[{"href":"https:\/\/paraodloty.pl\/index.php?rest_route=%2Fwp%2Fv2%2Fmedia&parent=12"}],"curies":[{"name":"wp","href":"https:\/\/api.w.org\/{rel}","templated":true}]}}