{"id":11,"date":"2022-10-09T10:53:23","date_gmt":"2022-10-09T08:53:23","guid":{"rendered":"https:\/\/paraodloty.pl\/?page_id=11"},"modified":"2025-06-03T08:33:34","modified_gmt":"2025-06-03T06:33:34","slug":"galeria-lot-paralotnia","status":"publish","type":"page","link":"https:\/\/paraodloty.pl\/?page_id=11","title":{"rendered":"Galeria"},"content":{"rendered":"\n<h3 class=\"wp-block-heading has-text-align-center\"><strong><em>Galeria<\/em><\/strong><\/h3>\n\n\n\n<div class=\"wp-block-columns is-layout-flex wp-container-core-columns-is-layout-9d6595d7 wp-block-columns-is-layout-flex\">\n<div class=\"wp-block-column is-layout-flow wp-block-column-is-layout-flow\">\n<div class=\"wp-block-group\"><div class=\"wp-block-group__inner-container is-layout-constrained wp-block-group-is-layout-constrained\">\n<div class=\"wp-block-columns is-layout-flex wp-container-core-columns-is-layout-9d6595d7 wp-block-columns-is-layout-flex\">\n<div class=\"wp-block-column is-layout-flow wp-block-column-is-layout-flow\" style=\"flex-basis:100%\">\n<div class=\"wp-block-group\"><div class=\"wp-block-group__inner-container is-layout-constrained wp-block-group-is-layout-constrained\">\n<figure class=\"wp-block-image size-large\"><img fetchpriority=\"high\" decoding=\"async\" width=\"1024\" height=\"576\" src=\"https:\/\/paraodloty.pl\/wp-content\/uploads\/2023\/07\/GOPR4695_1688830218854-1024x576.jpg\" alt=\"\" class=\"wp-image-534\" srcset=\"https:\/\/paraodloty.pl\/wp-content\/uploads\/2023\/07\/GOPR4695_1688830218854-1024x576.jpg 1024w, https:\/\/paraodloty.pl\/wp-content\/uploads\/2023\/07\/GOPR4695_1688830218854-300x169.jpg 300w, https:\/\/paraodloty.pl\/wp-content\/uploads\/2023\/07\/GOPR4695_1688830218854-768x432.jpg 768w, https:\/\/paraodloty.pl\/wp-content\/uploads\/2023\/07\/GOPR4695_1688830218854-1536x863.jpg 1536w, https:\/\/paraodloty.pl\/wp-content\/uploads\/2023\/07\/GOPR4695_1688830218854-2048x1151.jpg 2048w\" sizes=\"(max-width: 1024px) 100vw, 1024px\" \/><\/figure>\n<\/div><\/div>\n\n\n\n<div style=\"height:30px\" aria-hidden=\"true\" class=\"wp-block-spacer\"><\/div>\n\n\n\n<div class=\"wp-block-buttons is-content-justification-center is-layout-flex wp-container-core-buttons-is-layout-16018d1d wp-block-buttons-is-layout-flex\">\n<div class=\"wp-block-button\"><a class=\"wp-block-button__link wp-element-button\" href=\"https:\/\/paraodloty.pl\/?page_id=358\" target=\"_blank\" rel=\"noreferrer noopener\">Loty nizinne<\/a><\/div>\n<\/div>\n\n\n\n<div style=\"height:30px\" aria-hidden=\"true\" class=\"wp-block-spacer\"><\/div>\n\n\n\n<p>\u017beby wystartowa\u0107 na terenach nizinnych, potrzebujemy hol\u00f3wki kt\u00f3ra pozwoli nam oderwa\u0107 si\u0119 od ziemi.<\/p>\n\n\n\n<p><\/p>\n<\/div>\n<\/div>\n<\/div><\/div>\n<\/div>\n\n\n\n<div class=\"wp-block-column is-layout-flow wp-block-column-is-layout-flow\">\n<div class=\"wp-block-group\"><div class=\"wp-block-group__inner-container is-layout-constrained wp-block-group-is-layout-constrained\">\n<div style=\"height:2px\" aria-hidden=\"true\" class=\"wp-block-spacer\"><\/div>\n\n\n\n<figure class=\"wp-block-image size-large\"><img decoding=\"async\" width=\"1024\" height=\"576\" src=\"https:\/\/paraodloty.pl\/wp-content\/uploads\/2023\/07\/GOPR4698_1688830957257-1024x576.jpg\" alt=\"\" class=\"wp-image-553\" srcset=\"https:\/\/paraodloty.pl\/wp-content\/uploads\/2023\/07\/GOPR4698_1688830957257-1024x576.jpg 1024w, https:\/\/paraodloty.pl\/wp-content\/uploads\/2023\/07\/GOPR4698_1688830957257-300x169.jpg 300w, https:\/\/paraodloty.pl\/wp-content\/uploads\/2023\/07\/GOPR4698_1688830957257-768x432.jpg 768w, https:\/\/paraodloty.pl\/wp-content\/uploads\/2023\/07\/GOPR4698_1688830957257-1536x863.jpg 1536w, https:\/\/paraodloty.pl\/wp-content\/uploads\/2023\/07\/GOPR4698_1688830957257-2048x1151.jpg 2048w\" sizes=\"(max-width: 1024px) 100vw, 1024px\" \/><\/figure>\n\n\n\n<div style=\"height:30px\" aria-hidden=\"true\" class=\"wp-block-spacer\"><\/div>\n\n\n\n<div class=\"wp-block-buttons is-content-justification-center is-layout-flex wp-container-core-buttons-is-layout-16018d1d wp-block-buttons-is-layout-flex\">\n<div class=\"wp-block-button\"><a class=\"wp-block-button__link wp-element-button\" href=\"https:\/\/paraodloty.pl\/?page_id=347\">Loty \u017caglowe na klifach<\/a><\/div>\n<\/div>\n<\/div><\/div>\n\n\n\n<div style=\"height:29px\" aria-hidden=\"true\" class=\"wp-block-spacer\"><\/div>\n\n\n\n<p>Start klifowy polega na podej\u015bciu do jego kraw\u0119dzi i pozwoleniu na to, \u017ceby wytworzony przez odpowiedni\u0105 si\u0142\u0119 i kierunek wiatru, tkz. &#8222;\u017cagiel&#8221; zabra\u0142 nas do g\u00f3ry. Tury\u015bci nazywaj\u0105 to &#8222;B\u0119dzie Pan skaka\u0142&#8221;? \ud83d\ude42<\/p>\n<\/div>\n<\/div>\n\n\n\n<div class=\"wp-block-columns is-layout-flex wp-container-core-columns-is-layout-9d6595d7 wp-block-columns-is-layout-flex\">\n<div class=\"wp-block-column is-layout-flow wp-block-column-is-layout-flow\">\n<div class=\"wp-block-group\"><div class=\"wp-block-group__inner-container is-layout-constrained wp-block-group-is-layout-constrained\">\n<figure class=\"wp-block-image size-large\"><img decoding=\"async\" width=\"1024\" height=\"576\" src=\"https:\/\/paraodloty.pl\/wp-content\/uploads\/2023\/07\/GOPR4699_1688831376076-1024x576.jpg\" alt=\"\" class=\"wp-image-565\" srcset=\"https:\/\/paraodloty.pl\/wp-content\/uploads\/2023\/07\/GOPR4699_1688831376076-1024x576.jpg 1024w, https:\/\/paraodloty.pl\/wp-content\/uploads\/2023\/07\/GOPR4699_1688831376076-300x169.jpg 300w, https:\/\/paraodloty.pl\/wp-content\/uploads\/2023\/07\/GOPR4699_1688831376076-768x432.jpg 768w, https:\/\/paraodloty.pl\/wp-content\/uploads\/2023\/07\/GOPR4699_1688831376076-1536x863.jpg 1536w, https:\/\/paraodloty.pl\/wp-content\/uploads\/2023\/07\/GOPR4699_1688831376076-2048x1151.jpg 2048w\" sizes=\"(max-width: 1024px) 100vw, 1024px\" \/><\/figure>\n\n\n\n<div style=\"height:30px\" aria-hidden=\"true\" class=\"wp-block-spacer\"><\/div>\n\n\n\n<div class=\"wp-block-buttons is-content-justification-center is-layout-flex wp-container-core-buttons-is-layout-16018d1d wp-block-buttons-is-layout-flex\">\n<div class=\"wp-block-button\"><a class=\"wp-block-button__link wp-element-button\" href=\"https:\/\/paraodloty.pl\/?page_id=375\">Latanie g\u00f3rskie<\/a><\/div>\n<\/div>\n<\/div><\/div>\n\n\n\n<div style=\"height:30px\" aria-hidden=\"true\" class=\"wp-block-spacer\"><\/div>\n\n\n\n<p class=\"has-text-align-center\">Latanie g\u00f3rskie to miks klifowego z nizinnym. Mo\u017cna utrzyma\u0107 si\u0119 na \u017caglu, a tak\u017ce wykr\u0119ci\u0107 podstaw\u0119 chmury dzi\u0119ki termice.<\/p>\n<\/div>\n\n\n\n<div class=\"wp-block-column is-layout-flow wp-block-column-is-layout-flow\">\n<div class=\"wp-block-group\"><div class=\"wp-block-group__inner-container is-layout-constrained wp-block-group-is-layout-constrained\">\n<figure class=\"wp-block-image size-large\"><img loading=\"lazy\" decoding=\"async\" width=\"1024\" height=\"576\" src=\"https:\/\/paraodloty.pl\/wp-content\/uploads\/2023\/07\/GOPR4681_1688248147047-1024x576.jpg\" alt=\"\" class=\"wp-image-513\" srcset=\"https:\/\/paraodloty.pl\/wp-content\/uploads\/2023\/07\/GOPR4681_1688248147047-1024x576.jpg 1024w, https:\/\/paraodloty.pl\/wp-content\/uploads\/2023\/07\/GOPR4681_1688248147047-300x169.jpg 300w, https:\/\/paraodloty.pl\/wp-content\/uploads\/2023\/07\/GOPR4681_1688248147047-768x432.jpg 768w, https:\/\/paraodloty.pl\/wp-content\/uploads\/2023\/07\/GOPR4681_1688248147047-1536x863.jpg 1536w, https:\/\/paraodloty.pl\/wp-content\/uploads\/2023\/07\/GOPR4681_1688248147047-2048x1151.jpg 2048w\" sizes=\"(max-width: 1024px) 100vw, 1024px\" \/><\/figure>\n\n\n\n<div style=\"height:30px\" aria-hidden=\"true\" class=\"wp-block-spacer\"><\/div>\n\n\n\n<div class=\"wp-block-buttons is-content-justification-center is-layout-flex wp-container-core-buttons-is-layout-16018d1d wp-block-buttons-is-layout-flex\">\n<div class=\"wp-block-button\"><a class=\"wp-block-button__link wp-element-button\" href=\"https:\/\/paraodloty.pl\/?page_id=377\">R\u00f3\u017cne<\/a><\/div>\n<\/div>\n<\/div><\/div>\n\n\n\n<div style=\"height:30px\" aria-hidden=\"true\" class=\"wp-block-spacer\"><\/div>\n\n\n\n<p class=\"has-text-align-center\">Filmy i fotki Kt\u00f3re nam si\u0119 spodoba\u0142y. \ud83d\ude42<\/p>\n<\/div>\n<\/div>\n\n\n\n<div class=\"wp-block-cover alignfull\" style=\"min-height:300px;aspect-ratio:unset;\"><span aria-hidden=\"true\" class=\"wp-block-cover__background has-nv-dark-bg-background-color has-background-dim-100 has-background-dim\"><\/span><div class=\"wp-block-cover__inner-container is-layout-flow wp-block-cover-is-layout-flow\"><div class=\"wp-block-image is-style-rounded\">\n<figure class=\"aligncenter size-thumbnail is-resized\"><img loading=\"lazy\" decoding=\"async\" width=\"150\" height=\"150\" src=\"https:\/\/paraodloty.pl\/wp-content\/uploads\/2025\/06\/VideoCapture_20231103-085202-1-150x150.jpg\" alt=\"\" class=\"wp-image-788\" style=\"width:133px;height:auto\"\/><\/figure>\n<\/div>\n\n\n<p class=\"has-text-align-center has-nv-text-dark-bg-color has-text-color\"><em><strong>&#8222;Zastan\u00f3w si\u0119 co tak naprawd\u0119 najbardziej chcia\u0142by\u015b w \u017cyciu robi\u0107 i po prostu zacznij to robi\u0107\u201d . \ud83d\ude42<\/strong><\/em><\/p>\n\n\n\n<p class=\"has-text-align-center has-nv-text-dark-bg-color has-text-color\" style=\"font-size:14px\">Laska z &#8222;Ch\u0142opaki nie p\u0142acz\u0105&#8221;.<\/p>\n\n\n<div class=\"wp-block-image\">\n<figure class=\"alignright size-large is-resized\"><img loading=\"lazy\" decoding=\"async\" width=\"1024\" height=\"444\" src=\"https:\/\/paraodloty.pl\/wp-content\/uploads\/2022\/11\/315515767_459730996066230_6692532733545521801_n-1024x444.png\" alt=\"\" class=\"wp-image-457\" style=\"width:127px;height:55px\" srcset=\"https:\/\/paraodloty.pl\/wp-content\/uploads\/2022\/11\/315515767_459730996066230_6692532733545521801_n-1024x444.png 1024w, https:\/\/paraodloty.pl\/wp-content\/uploads\/2022\/11\/315515767_459730996066230_6692532733545521801_n-300x130.png 300w, https:\/\/paraodloty.pl\/wp-content\/uploads\/2022\/11\/315515767_459730996066230_6692532733545521801_n-768x333.png 768w, https:\/\/paraodloty.pl\/wp-content\/uploads\/2022\/11\/315515767_459730996066230_6692532733545521801_n-1536x666.png 1536w, https:\/\/paraodloty.pl\/wp-content\/uploads\/2022\/11\/315515767_459730996066230_6692532733545521801_n-2048x888.png 2048w\" sizes=\"(max-width: 1024px) 100vw, 1024px\" \/><\/figure>\n<\/div><\/div><\/div>\n","protected":false},"excerpt":{"rendered":"<p>Galeria \u017beby wystartowa\u0107 na terenach nizinnych, potrzebujemy hol\u00f3wki kt\u00f3ra pozwoli nam oderwa\u0107 si\u0119 od ziemi. Start klifowy polega na podej\u015bciu do jego kraw\u0119dzi i pozwoleniu na to, \u017ceby wytworzony przez odpowiedni\u0105 si\u0142\u0119 i kierunek wiatru, tkz. &#8222;\u017cagiel&#8221; zabra\u0142 nas do g\u00f3ry. Tury\u015bci nazywaj\u0105 to &#8222;B\u0119dzie Pan skaka\u0142&#8221;? \ud83d\ude42 Latanie g\u00f3rskie to miks klifowego z nizinnym.&hellip;&nbsp;<a href=\"https:\/\/paraodloty.pl\/?page_id=11\" rel=\"bookmark\">Dowiedz si\u0119 wi\u0119cej &raquo;<span class=\"screen-reader-text\">Galeria<\/span><\/a><\/p>\n","protected":false},"author":1,"featured_media":0,"parent":0,"menu_order":0,"comment_status":"closed","ping_status":"closed","template":"","meta":{"neve_meta_sidebar":"","neve_meta_container":"","neve_meta_enable_content_width":"on","neve_meta_content_width":100,"neve_meta_title_alignment":"","neve_meta_author_avatar":"","neve_post_elements_order":"","neve_meta_disable_header":"","neve_meta_disable_footer":"","neve_meta_disable_title":"on","footnotes":""},"class_list":["post-11","page","type-page","status-publish","hentry"],"yoast_head":"<!-- This site is optimized with the Yoast SEO plugin v27.4 - https:\/\/yoast.com\/product\/yoast-seo-wordpress\/ -->\n<title>Galeria - Paraodloty<\/title>\n<meta name=\"description\" content=\"Lot paralotni\u0105 Tr\u00f3jmiasto , loty paralotni\u0105 Tr\u00f3jmiasto, lotparalotni\u0105Tr\u00f3jmiasto, lotyparalotni\u0105Tr\u00f3jmiasto, paraodloty, paralotnie, paralotnia, Bartosz Kowalski paralotnie\" \/>\n<meta name=\"robots\" content=\"index, follow, max-snippet:-1, max-image-preview:large, max-video-preview:-1\" \/>\n<link rel=\"canonical\" href=\"https:\/\/paraodloty.pl\/?page_id=11\" \/>\n<meta property=\"og:locale\" content=\"pl_PL\" \/>\n<meta property=\"og:type\" content=\"article\" \/>\n<meta property=\"og:title\" content=\"Galeria - Paraodloty\" \/>\n<meta property=\"og:description\" content=\"Lot paralotni\u0105 Tr\u00f3jmiasto , loty paralotni\u0105 Tr\u00f3jmiasto, lotparalotni\u0105Tr\u00f3jmiasto, lotyparalotni\u0105Tr\u00f3jmiasto, paraodloty, paralotnie, paralotnia, Bartosz Kowalski paralotnie\" \/>\n<meta property=\"og:url\" content=\"https:\/\/paraodloty.pl\/?page_id=11\" \/>\n<meta property=\"og:site_name\" content=\"Paraodloty\" \/>\n<meta property=\"article:publisher\" content=\"https:\/\/www.facebook.com\/ParaOdloty\" \/>\n<meta property=\"article:modified_time\" content=\"2025-06-03T06:33:34+00:00\" \/>\n<meta property=\"og:image\" content=\"https:\/\/paraodloty.pl\/wp-content\/uploads\/2023\/07\/GOPR4695_1688830218854-scaled.jpg\" \/>\n\t<meta property=\"og:image:width\" content=\"2560\" \/>\n\t<meta property=\"og:image:height\" content=\"1439\" \/>\n\t<meta property=\"og:image:type\" content=\"image\/jpeg\" \/>\n<meta name=\"twitter:card\" content=\"summary_large_image\" \/>\n<meta name=\"twitter:label1\" content=\"Szacowany czas czytania\" \/>\n\t<meta name=\"twitter:data1\" content=\"2 minuty\" \/>\n<script type=\"application\/ld+json\" class=\"yoast-schema-graph\">{\"@context\":\"https:\\\/\\\/schema.org\",\"@graph\":[{\"@type\":\"WebPage\",\"@id\":\"https:\\\/\\\/paraodloty.pl\\\/?page_id=11\",\"url\":\"https:\\\/\\\/paraodloty.pl\\\/?page_id=11\",\"name\":\"Galeria - Paraodloty\",\"isPartOf\":{\"@id\":\"https:\\\/\\\/paraodloty.pl\\\/#website\"},\"primaryImageOfPage\":{\"@id\":\"https:\\\/\\\/paraodloty.pl\\\/?page_id=11#primaryimage\"},\"image\":{\"@id\":\"https:\\\/\\\/paraodloty.pl\\\/?page_id=11#primaryimage\"},\"thumbnailUrl\":\"https:\\\/\\\/paraodloty.pl\\\/wp-content\\\/uploads\\\/2023\\\/07\\\/GOPR4695_1688830218854-1024x576.jpg\",\"datePublished\":\"2022-10-09T08:53:23+00:00\",\"dateModified\":\"2025-06-03T06:33:34+00:00\",\"description\":\"Lot paralotni\u0105 Tr\u00f3jmiasto , loty paralotni\u0105 Tr\u00f3jmiasto, lotparalotni\u0105Tr\u00f3jmiasto, lotyparalotni\u0105Tr\u00f3jmiasto, paraodloty, paralotnie, paralotnia, Bartosz Kowalski paralotnie\",\"breadcrumb\":{\"@id\":\"https:\\\/\\\/paraodloty.pl\\\/?page_id=11#breadcrumb\"},\"inLanguage\":\"pl-PL\",\"potentialAction\":[{\"@type\":\"ReadAction\",\"target\":[\"https:\\\/\\\/paraodloty.pl\\\/?page_id=11\"]}]},{\"@type\":\"ImageObject\",\"inLanguage\":\"pl-PL\",\"@id\":\"https:\\\/\\\/paraodloty.pl\\\/?page_id=11#primaryimage\",\"url\":\"https:\\\/\\\/paraodloty.pl\\\/wp-content\\\/uploads\\\/2023\\\/07\\\/GOPR4695_1688830218854-scaled.jpg\",\"contentUrl\":\"https:\\\/\\\/paraodloty.pl\\\/wp-content\\\/uploads\\\/2023\\\/07\\\/GOPR4695_1688830218854-scaled.jpg\",\"width\":2560,\"height\":1439},{\"@type\":\"BreadcrumbList\",\"@id\":\"https:\\\/\\\/paraodloty.pl\\\/?page_id=11#breadcrumb\",\"itemListElement\":[{\"@type\":\"ListItem\",\"position\":1,\"name\":\"Home\",\"item\":\"https:\\\/\\\/paraodloty.pl\\\/\"},{\"@type\":\"ListItem\",\"position\":2,\"name\":\"Galeria\"}]},{\"@type\":\"WebSite\",\"@id\":\"https:\\\/\\\/paraodloty.pl\\\/#website\",\"url\":\"https:\\\/\\\/paraodloty.pl\\\/\",\"name\":\"Paraodloty\",\"description\":\"Szkoda \u017cycia na chodzenie jak mo\u017cna lata\u0107:)\",\"publisher\":{\"@id\":\"https:\\\/\\\/paraodloty.pl\\\/#organization\"},\"potentialAction\":[{\"@type\":\"SearchAction\",\"target\":{\"@type\":\"EntryPoint\",\"urlTemplate\":\"https:\\\/\\\/paraodloty.pl\\\/?s={search_term_string}\"},\"query-input\":{\"@type\":\"PropertyValueSpecification\",\"valueRequired\":true,\"valueName\":\"search_term_string\"}}],\"inLanguage\":\"pl-PL\"},{\"@type\":\"Organization\",\"@id\":\"https:\\\/\\\/paraodloty.pl\\\/#organization\",\"name\":\"Paraodloty\",\"url\":\"https:\\\/\\\/paraodloty.pl\\\/\",\"logo\":{\"@type\":\"ImageObject\",\"inLanguage\":\"pl-PL\",\"@id\":\"https:\\\/\\\/paraodloty.pl\\\/#\\\/schema\\\/logo\\\/image\\\/\",\"url\":\"https:\\\/\\\/paraodloty.pl\\\/wp-content\\\/uploads\\\/2022\\\/10\\\/logo.jpg\",\"contentUrl\":\"https:\\\/\\\/paraodloty.pl\\\/wp-content\\\/uploads\\\/2022\\\/10\\\/logo.jpg\",\"width\":958,\"height\":802,\"caption\":\"Paraodloty\"},\"image\":{\"@id\":\"https:\\\/\\\/paraodloty.pl\\\/#\\\/schema\\\/logo\\\/image\\\/\"},\"sameAs\":[\"https:\\\/\\\/www.facebook.com\\\/ParaOdloty\"]}]}<\/script>\n<!-- \/ Yoast SEO plugin. -->","yoast_head_json":{"title":"Galeria - Paraodloty","description":"Lot paralotni\u0105 Tr\u00f3jmiasto , loty paralotni\u0105 Tr\u00f3jmiasto, lotparalotni\u0105Tr\u00f3jmiasto, lotyparalotni\u0105Tr\u00f3jmiasto, paraodloty, paralotnie, paralotnia, Bartosz Kowalski paralotnie","robots":{"index":"index","follow":"follow","max-snippet":"max-snippet:-1","max-image-preview":"max-image-preview:large","max-video-preview":"max-video-preview:-1"},"canonical":"https:\/\/paraodloty.pl\/?page_id=11","og_locale":"pl_PL","og_type":"article","og_title":"Galeria - Paraodloty","og_description":"Lot paralotni\u0105 Tr\u00f3jmiasto , loty paralotni\u0105 Tr\u00f3jmiasto, lotparalotni\u0105Tr\u00f3jmiasto, lotyparalotni\u0105Tr\u00f3jmiasto, paraodloty, paralotnie, paralotnia, Bartosz Kowalski paralotnie","og_url":"https:\/\/paraodloty.pl\/?page_id=11","og_site_name":"Paraodloty","article_publisher":"https:\/\/www.facebook.com\/ParaOdloty","article_modified_time":"2025-06-03T06:33:34+00:00","og_image":[{"width":2560,"height":1439,"url":"https:\/\/paraodloty.pl\/wp-content\/uploads\/2023\/07\/GOPR4695_1688830218854-scaled.jpg","type":"image\/jpeg"}],"twitter_card":"summary_large_image","twitter_misc":{"Szacowany czas czytania":"2 minuty"},"schema":{"@context":"https:\/\/schema.org","@graph":[{"@type":"WebPage","@id":"https:\/\/paraodloty.pl\/?page_id=11","url":"https:\/\/paraodloty.pl\/?page_id=11","name":"Galeria - Paraodloty","isPartOf":{"@id":"https:\/\/paraodloty.pl\/#website"},"primaryImageOfPage":{"@id":"https:\/\/paraodloty.pl\/?page_id=11#primaryimage"},"image":{"@id":"https:\/\/paraodloty.pl\/?page_id=11#primaryimage"},"thumbnailUrl":"https:\/\/paraodloty.pl\/wp-content\/uploads\/2023\/07\/GOPR4695_1688830218854-1024x576.jpg","datePublished":"2022-10-09T08:53:23+00:00","dateModified":"2025-06-03T06:33:34+00:00","description":"Lot paralotni\u0105 Tr\u00f3jmiasto , loty paralotni\u0105 Tr\u00f3jmiasto, lotparalotni\u0105Tr\u00f3jmiasto, lotyparalotni\u0105Tr\u00f3jmiasto, paraodloty, paralotnie, paralotnia, Bartosz Kowalski paralotnie","breadcrumb":{"@id":"https:\/\/paraodloty.pl\/?page_id=11#breadcrumb"},"inLanguage":"pl-PL","potentialAction":[{"@type":"ReadAction","target":["https:\/\/paraodloty.pl\/?page_id=11"]}]},{"@type":"ImageObject","inLanguage":"pl-PL","@id":"https:\/\/paraodloty.pl\/?page_id=11#primaryimage","url":"https:\/\/paraodloty.pl\/wp-content\/uploads\/2023\/07\/GOPR4695_1688830218854-scaled.jpg","contentUrl":"https:\/\/paraodloty.pl\/wp-content\/uploads\/2023\/07\/GOPR4695_1688830218854-scaled.jpg","width":2560,"height":1439},{"@type":"BreadcrumbList","@id":"https:\/\/paraodloty.pl\/?page_id=11#breadcrumb","itemListElement":[{"@type":"ListItem","position":1,"name":"Home","item":"https:\/\/paraodloty.pl\/"},{"@type":"ListItem","position":2,"name":"Galeria"}]},{"@type":"WebSite","@id":"https:\/\/paraodloty.pl\/#website","url":"https:\/\/paraodloty.pl\/","name":"Paraodloty","description":"Szkoda \u017cycia na chodzenie jak mo\u017cna lata\u0107:)","publisher":{"@id":"https:\/\/paraodloty.pl\/#organization"},"potentialAction":[{"@type":"SearchAction","target":{"@type":"EntryPoint","urlTemplate":"https:\/\/paraodloty.pl\/?s={search_term_string}"},"query-input":{"@type":"PropertyValueSpecification","valueRequired":true,"valueName":"search_term_string"}}],"inLanguage":"pl-PL"},{"@type":"Organization","@id":"https:\/\/paraodloty.pl\/#organization","name":"Paraodloty","url":"https:\/\/paraodloty.pl\/","logo":{"@type":"ImageObject","inLanguage":"pl-PL","@id":"https:\/\/paraodloty.pl\/#\/schema\/logo\/image\/","url":"https:\/\/paraodloty.pl\/wp-content\/uploads\/2022\/10\/logo.jpg","contentUrl":"https:\/\/paraodloty.pl\/wp-content\/uploads\/2022\/10\/logo.jpg","width":958,"height":802,"caption":"Paraodloty"},"image":{"@id":"https:\/\/paraodloty.pl\/#\/schema\/logo\/image\/"},"sameAs":["https:\/\/www.facebook.com\/ParaOdloty"]}]}},"_links":{"self":[{"href":"https:\/\/paraodloty.pl\/index.php?rest_route=\/wp\/v2\/pages\/11","targetHints":{"allow":["GET"]}}],"collection":[{"href":"https:\/\/paraodloty.pl\/index.php?rest_route=\/wp\/v2\/pages"}],"about":[{"href":"https:\/\/paraodloty.pl\/index.php?rest_route=\/wp\/v2\/types\/page"}],"author":[{"embeddable":true,"href":"https:\/\/paraodloty.pl\/index.php?rest_route=\/wp\/v2\/users\/1"}],"replies":[{"embeddable":true,"href":"https:\/\/paraodloty.pl\/index.php?rest_route=%2Fwp%2Fv2%2Fcomments&post=11"}],"version-history":[{"count":76,"href":"https:\/\/paraodloty.pl\/index.php?rest_route=\/wp\/v2\/pages\/11\/revisions"}],"predecessor-version":[{"id":789,"href":"https:\/\/paraodloty.pl\/index.php?rest_route=\/wp\/v2\/pages\/11\/revisions\/789"}],"wp:attachment":[{"href":"https:\/\/paraodloty.pl\/index.php?rest_route=%2Fwp%2Fv2%2Fmedia&parent=11"}],"curies":[{"name":"wp","href":"https:\/\/api.w.org\/{rel}","templated":true}]}}